{"id":76132,"date":"2018-05-02T10:54:42","date_gmt":"2018-05-02T10:54:42","guid":{"rendered":"https:\/\/bermiherrajes.com\/empresa\/"},"modified":"2019-03-15T13:51:34","modified_gmt":"2019-03-15T12:51:34","slug":"empresa","status":"publish","type":"page","link":"https:\/\/bermiherrajes.com\/fr\/empresa\/","title":{"rendered":"Entreprise"},"content":{"rendered":"<p>[vc_row][vc_column][vc_custom_heading text=\u00a0\u00bbHERRAJES BERMI S.L.U.\u00a0\u00bb el_class=\u00a0\u00bbheading-title-2 titulos-empresa\u00a0\u00bb][vc_column_text el_class=\u00a0\u00bbtexto-empresa\u00a0\u00bb]Herrajes Bermi S.L.U. est une entreprise qui depuis sa cr\u00e9ation est d\u00e9di\u00e9e et sp\u00e9cialis\u00e9e dans la conception et la fabrication de pi\u00e8ces m\u00e9talliques.<\/p>\n<p>Nous avons une grande exp\u00e9rience dans le secteur puisque nous fournissons le meilleur service depuis 1988. Nous avons le personnel hautement qualifi\u00e9 avec une grande exp\u00e9rience dans le secteur, combin\u00e9 avec un jeune personnel d\u00e9sireux d&rsquo;apprendre et de travailler fort.<\/p>\n<p>Nous disposons de la machinerie de derni\u00e8re g\u00e9n\u00e9ration parfaitement adapt\u00e9e pour offrir un produit de haute qualit\u00e9 avec la meilleure finition.<br \/>\nHerrajes Bermi S.L.U. remerci ces clients la confiance plac\u00e9e en nous pendant toutes ces ann\u00e9es.[\/vc_column_text][\/vc_column][\/vc_row][vc_row css=\u00a0\u00bb.vc_custom_1525260022700{margin-top: 60px !important;}\u00a0\u00bb][vc_column width=\u00a0\u00bb1\/2&Prime;][vc_single_image image=\u00a0\u00bb75572&Prime; img_size=\u00a0\u00bbfull\u00a0\u00bb][\/vc_column][vc_column width=\u00a0\u00bb1\/2&Prime;][vc_custom_heading text=\u00a0\u00bbPour-quoi nos clients nous font la confiance?\u00a0\u00bb el_class=\u00a0\u00bbheading-title-2 titulos-empresa\u00a0\u00bb][vc_column_text el_class=\u00a0\u00bbtexto-empresa\u00a0\u00bb]<strong>Par notre service.<\/strong> Notre service est s\u00fbr, fiable et peut \u00eatre adapt\u00e9 aux besoins du client.<\/p>\n<p><strong>Pour la qualit\u00e9.<\/strong> Notre priorit\u00e9 est de donner \u00e0 nos clients une qualit\u00e9 et une performance maximales vis-\u00e0-vis de nos concurrents dans le secteur, tout en respectant un prix ad\u00e9quat.<\/p>\n<p><strong>Par nos finitions.<\/strong> Sans aucun doute, l&rsquo;un de nos points forts. Nous avons la capacit\u00e9 de r\u00e9aliser presque tous les types de finition sur tous nos produits, facilitant ainsi le choix de nos clients<\/p>\n<p><strong>Par prix.<\/strong> Nous vous offrons un rapport qualit\u00e9-prix tr\u00e8s comp\u00e9titif.[\/vc_column_text][\/vc_column][\/vc_row][vc_row el_class=\u00a0\u00bboffer trabajar\u00a0\u00bb css=\u00a0\u00bb.vc_custom_1525949922050{background-image: url(https:\/\/bermiherrajes.com\/wp-content\/uploads\/2018\/05\/trabajo.jpg?id=75796) !important;}\u00a0\u00bb][vc_column width=\u00a0\u00bb2\/3&Prime; offset=\u00a0\u00bbvc_col-md-9 vc_col-xs-9&Prime; el_class=\u00a0\u00bbempresa-unete\u00a0\u00bb][vc_column_text el_class=\u00a0\u00bbtitulos-trabajar\u00a0\u00bb]<\/p>\n<div class=\"primera-frase\">Voulez-vous travailler avec nous?<\/div>\n<div class=\"primera-frase\">Rejoignez notre \u00e9quipe<\/div>\n<div class=\"segunda-frase\"><\/div>\n<p>[\/vc_column_text][\/vc_column][vc_column width=\u00a0\u00bb1\/3&Prime; offset=\u00a0\u00bbvc_col-md-3 vc_col-xs-3&Prime; el_class=\u00a0\u00bbempresa-boton-unete\u00a0\u00bb][vc_btn title=\u00a0\u00bbJE SUIS INT\u00c9RESS\u00c9\u00a0\u00bb shape=\u00a0\u00bbsquare\u00a0\u00bb color=\u00a0\u00bbwhite\u00a0\u00bb align=\u00a0\u00bbcenter\u00a0\u00bb el_class=\u00a0\u00bbboton-trabajar\u00a0\u00bb link=\u00a0\u00bburl:%2F%3Fpage_id%3D75724|\u00a0\u00bb][\/vc_column][\/vc_row]<\/p>\n","protected":false},"excerpt":{"rendered":"<p>[vc_row][vc_column][vc_custom_heading text=\u00a0\u00bbHERRAJES BERMI S.L.U.\u00a0\u00bb el_class=\u00a0\u00bbheading-title-2 titulos-empresa\u00a0\u00bb][vc_column_text el_class=\u00a0\u00bbtexto-empresa\u00a0\u00bb]Herrajes Bermi S.L.U. est une entreprise qui depuis sa cr\u00e9ation est d\u00e9di\u00e9e et sp\u00e9cialis\u00e9e dans la conception et la fabrication de pi\u00e8ces m\u00e9talliques. Nous avons une grande exp\u00e9rience dans le secteur puisque nous fournissons le meilleur service depuis 1988. Nous avons le personnel hautement qualifi\u00e9 avec une grande exp\u00e9rience [&hellip;]<\/p>\n","protected":false},"author":1,"featured_media":0,"parent":0,"menu_order":0,"comment_status":"closed","ping_status":"closed","template":"","meta":{"footnotes":""},"_links":{"self":[{"href":"https:\/\/bermiherrajes.com\/fr\/wp-json\/wp\/v2\/pages\/76132"}],"collection":[{"href":"https:\/\/bermiherrajes.com\/fr\/wp-json\/wp\/v2\/pages"}],"about":[{"href":"https:\/\/bermiherrajes.com\/fr\/wp-json\/wp\/v2\/types\/page"}],"author":[{"embeddable":true,"href":"https:\/\/bermiherrajes.com\/fr\/wp-json\/wp\/v2\/users\/1"}],"replies":[{"embeddable":true,"href":"https:\/\/bermiherrajes.com\/fr\/wp-json\/wp\/v2\/comments?post=76132"}],"version-history":[{"count":7,"href":"https:\/\/bermiherrajes.com\/fr\/wp-json\/wp\/v2\/pages\/76132\/revisions"}],"predecessor-version":[{"id":77938,"href":"https:\/\/bermiherrajes.com\/fr\/wp-json\/wp\/v2\/pages\/76132\/revisions\/77938"}],"wp:attachment":[{"href":"https:\/\/bermiherrajes.com\/fr\/wp-json\/wp\/v2\/media?parent=76132"}],"curies":[{"name":"wp","href":"https:\/\/api.w.org\/{rel}","templated":true}]}}