{"id":76140,"date":"2018-05-21T10:08:03","date_gmt":"2018-05-21T10:08:03","guid":{"rendered":"https:\/\/bermiherrajes.com\/aviso-legal\/"},"modified":"2018-10-09T13:38:29","modified_gmt":"2018-10-09T11:38:29","slug":"aviso-legal","status":"publish","type":"page","link":"https:\/\/bermiherrajes.com\/fr\/aviso-legal\/","title":{"rendered":"Avis juridique"},"content":{"rendered":"<p>[vc_row css=\u00a0\u00bb.vc_custom_1526898017240{padding-top: 25px !important;padding-bottom: 25px !important;}\u00a0\u00bb][vc_column][vc_column_text]<strong>TITRE DU WEB<\/strong><\/p>\n<p>Conform\u00e9ment \u00e0 l&rsquo;article 10 de la loi 34\/2002 du 11 juillet, Services de la soci\u00e9t\u00e9 de l&rsquo;information et du commerce \u00e9lectronique HERRAJES BERMI, S.L.U. En tant que propri\u00e9taire du site Web www.bermiherrajes.com, il communique les donn\u00e9es d&rsquo;identification requises par cette loi.<\/p>\n<p><strong>Nom social: HERRAJES BERMI, S.L.U.<\/strong><\/p>\n<p><strong>CIF: B53040341<\/strong><\/p>\n<p><strong>Donn\u00e9es d&rsquo;enregistrement: Registre du commerce de la ville d&rsquo;Alicante jusqu&rsquo;au volume 1831 en g\u00e9n\u00e9ral, folio 192 num\u00e9ro de feuille A33895 &#8211; Enregistrement 9 Propri\u00e9taire de la marque HERRAJES BERMI, S.L.U.<\/strong><\/p>\n<p><strong>Adresse de courrier \u00e9lectronique: info@bermiherrajes.com<\/strong><\/p>\n<p><strong>Si\u00e9ge social: AVD. PORTUGAL, S\/N Apartado 435 &#8211; CASTALLA (C.P.03420) &#8211; ALICANTE<\/strong><\/p>\n<p><strong>Ces informations r\u00e9gissent les conditions d&rsquo;utilisation, les limitations de responsabilit\u00e9 et les obligations des utilisateurs du site publi\u00e9es sous le nom du domaine www.bermiherrajes.com, qu&rsquo;ils assument et s&rsquo;engagent \u00e0 respecter.<\/strong>[\/vc_column_text][\/vc_column][\/vc_row]<\/p>\n","protected":false},"excerpt":{"rendered":"<p>[vc_row css=\u00a0\u00bb.vc_custom_1526898017240{padding-top: 25px !important;padding-bottom: 25px !important;}\u00a0\u00bb][vc_column][vc_column_text]TITRE DU WEB Conform\u00e9ment \u00e0 l&rsquo;article 10 de la loi 34\/2002 du 11 juillet, Services de la soci\u00e9t\u00e9 de l&rsquo;information et du commerce \u00e9lectronique HERRAJES BERMI, S.L.U. En tant que propri\u00e9taire du site Web www.bermiherrajes.com, il communique les donn\u00e9es d&rsquo;identification requises par cette loi. Nom social: HERRAJES BERMI, S.L.U. CIF: [&hellip;]<\/p>\n","protected":false},"author":1,"featured_media":0,"parent":0,"menu_order":0,"comment_status":"closed","ping_status":"closed","template":"","meta":{"footnotes":""},"_links":{"self":[{"href":"https:\/\/bermiherrajes.com\/fr\/wp-json\/wp\/v2\/pages\/76140"}],"collection":[{"href":"https:\/\/bermiherrajes.com\/fr\/wp-json\/wp\/v2\/pages"}],"about":[{"href":"https:\/\/bermiherrajes.com\/fr\/wp-json\/wp\/v2\/types\/page"}],"author":[{"embeddable":true,"href":"https:\/\/bermiherrajes.com\/fr\/wp-json\/wp\/v2\/users\/1"}],"replies":[{"embeddable":true,"href":"https:\/\/bermiherrajes.com\/fr\/wp-json\/wp\/v2\/comments?post=76140"}],"version-history":[{"count":3,"href":"https:\/\/bermiherrajes.com\/fr\/wp-json\/wp\/v2\/pages\/76140\/revisions"}],"predecessor-version":[{"id":76144,"href":"https:\/\/bermiherrajes.com\/fr\/wp-json\/wp\/v2\/pages\/76140\/revisions\/76144"}],"wp:attachment":[{"href":"https:\/\/bermiherrajes.com\/fr\/wp-json\/wp\/v2\/media?parent=76140"}],"curies":[{"name":"wp","href":"https:\/\/api.w.org\/{rel}","templated":true}]}}