{"id":76146,"date":"2018-05-08T08:51:49","date_gmt":"2018-05-08T08:51:49","guid":{"rendered":"https:\/\/bermiherrajes.com\/catalogo\/"},"modified":"2019-02-26T18:15:38","modified_gmt":"2019-02-26T17:15:38","slug":"catalogo","status":"publish","type":"page","link":"https:\/\/bermiherrajes.com\/fr\/catalogo\/","title":{"rendered":"Catalogue"},"content":{"rendered":"<p>[vc_row][vc_column offset=\u00a0\u00bbvc_col-xs-12&Prime; el_class=\u00a0\u00bbcatalogo-descripcion\u00a0\u00bb][vc_column_text el_class=\u00a0\u00bbtexto-amedida\u00a0\u00bb]T\u00e9l\u00e9chargez les catalogues et voyez toutes les r\u00e9f\u00e9rences que nous pouvons fabriquer[\/vc_column_text][\/vc_column][\/vc_row][vc_row css=\u00a0\u00bb.vc_custom_1530003870290{padding-top: 40px !important;}\u00a0\u00bb][vc_column width=\u00a0\u00bb2\/3&Prime; el_class=\u00a0\u00bbcatalogos-grid\u00a0\u00bb]<style type=\"text\/css\">a.eg-henryharrison-element-1,a.eg-henryharrison-element-2{-webkit-transition:all .4s linear;   -moz-transition:all .4s linear;   -o-transition:all .4s linear;   -ms-transition:all .4s linear;   transition:all .4s linear}.eg-jimmy-carter-element-11 i:before{margin-left:0px; margin-right:0px}.eg-harding-element-17{letter-spacing:1px}.eg-harding-wrapper .esg-entry-media{overflow:hidden; box-sizing:border-box;   -webkit-box-sizing:border-box;   -moz-box-sizing:border-box;   padding:30px 30px 0px 30px}.eg-harding-wrapper .esg-entry-media img{overflow:hidden; border-radius:50%;   -webkit-border-radius:50%;   -moz-border-radius:50%}.eg-ulysses-s-grant-wrapper .esg-entry-media{overflow:hidden; box-sizing:border-box;   -webkit-box-sizing:border-box;   -moz-box-sizing:border-box;   padding:30px 30px 0px 30px}.eg-ulysses-s-grant-wrapper .esg-entry-media img{overflow:hidden; border-radius:50%;   -webkit-border-radius:50%;   -moz-border-radius:50%}.eg-richard-nixon-wrapper .esg-entry-media{overflow:hidden; box-sizing:border-box;   -webkit-box-sizing:border-box;   -moz-box-sizing:border-box;   padding:30px 30px 0px 30px}.eg-richard-nixon-wrapper .esg-entry-media img{overflow:hidden; border-radius:50%;   -webkit-border-radius:50%;   -moz-border-radius:50%}.eg-herbert-hoover-wrapper .esg-entry-media img{filter:url(\"data:image\/svg+xml;utf8,<svg xmlns='http:\/\/www.w3.org\/2000\/svg'><filter id='grayscale'><feColorMatrix type='matrix' values='0.3333 0.3333 0.3333 0 0 0.3333 0.3333 0.3333 0 0 0.3333 0.3333 0.3333 0 0 0 0 0 1 0'\/><\/filter><\/svg>#grayscale\");   filter:gray;   -webkit-filter:grayscale(100%)}.eg-herbert-hoover-wrapper:hover .esg-entry-media img{filter:url(\"data:image\/svg+xml;utf8,<svg xmlns='http:\/\/www.w3.org\/2000\/svg'><filter id='grayscale'><feColorMatrix type='matrix' values='1 0 0 0 0,0 1 0 0 0,0 0 1 0 0,0 0 0 1 0'\/><\/filter><\/svg>#grayscale\");  -webkit-filter:grayscale(0%)}.eg-lyndon-johnson-wrapper .esg-entry-media img{filter:url(\"data:image\/svg+xml;utf8,<svg xmlns='http:\/\/www.w3.org\/2000\/svg'><filter id='grayscale'><feColorMatrix type='matrix' values='0.3333 0.3333 0.3333 0 0 0.3333 0.3333 0.3333 0 0 0.3333 0.3333 0.3333 0 0 0 0 0 1 0'\/><\/filter><\/svg>#grayscale\");   filter:gray;   -webkit-filter:grayscale(100%)}.eg-lyndon-johnson-wrapper:hover .esg-entry-media img{filter:url(\"data:image\/svg+xml;utf8,<svg xmlns='http:\/\/www.w3.org\/2000\/svg'><filter id='grayscale'><feColorMatrix type='matrix' values='1 0 0 0 0,0 1 0 0 0,0 0 1 0 0,0 0 0 1 0'\/><\/filter><\/svg>#grayscale\");  -webkit-filter:grayscale(0%)}.esg-overlay.eg-ronald-reagan-container{background:-moz-linear-gradient(top,rgba(0,0,0,0) 50%,rgba(0,0,0,0.83) 99%,rgba(0,0,0,0.85) 100%); background:-webkit-gradient(linear,left top,left bottom,color-stop(50%,rgba(0,0,0,0)),color-stop(99%,rgba(0,0,0,0.83)),color-stop(100%,rgba(0,0,0,0.85))); background:-webkit-linear-gradient(top,rgba(0,0,0,0) 50%,rgba(0,0,0,0.83) 99%,rgba(0,0,0,0.85) 100%); background:-o-linear-gradient(top,rgba(0,0,0,0) 50%,rgba(0,0,0,0.83) 99%,rgba(0,0,0,0.85) 100%); background:-ms-linear-gradient(top,rgba(0,0,0,0) 50%,rgba(0,0,0,0.83) 99%,rgba(0,0,0,0.85) 100%); background:linear-gradient(to bottom,rgba(0,0,0,0) 50%,rgba(0,0,0,0.83) 99%,rgba(0,0,0,0.85) 100%); filter:progid:DXImageTransform.Microsoft.gradient( startColorstr='#00000000',endColorstr='#d9000000',GradientType=0 )}.eg-georgebush-wrapper .esg-entry-cover{background:-moz-linear-gradient(top,rgba(0,0,0,0) 50%,rgba(0,0,0,0.83) 99%,rgba(0,0,0,0.85) 100%); background:-webkit-gradient(linear,left top,left bottom,color-stop(50%,rgba(0,0,0,0)),color-stop(99%,rgba(0,0,0,0.83)),color-stop(100%,rgba(0,0,0,0.85))); background:-webkit-linear-gradient(top,rgba(0,0,0,0) 50%,rgba(0,0,0,0.83) 99%,rgba(0,0,0,0.85) 100%); background:-o-linear-gradient(top,rgba(0,0,0,0) 50%,rgba(0,0,0,0.83) 99%,rgba(0,0,0,0.85) 100%); background:-ms-linear-gradient(top,rgba(0,0,0,0) 50%,rgba(0,0,0,0.83) 99%,rgba(0,0,0,0.85) 100%); background:linear-gradient(to bottom,rgba(0,0,0,0) 50%,rgba(0,0,0,0.83) 99%,rgba(0,0,0,0.85) 100%); filter:progid:DXImageTransform.Microsoft.gradient( startColorstr='#00000000',endColorstr='#d9000000',GradientType=0 )}.eg-jefferson-wrapper{-webkit-border-radius:5px !important; -moz-border-radius:5px !important; border-radius:5px !important; -webkit-mask-image:url(data:image\/png;base64,iVBORw0KGgoAAAANSUhEUgAAAAEAAAABCAIAAACQd1PeAAAAGXRFWHRTb2Z0d2FyZQBBZG9iZSBJbWFnZVJlYWR5ccllPAAAAA5JREFUeNpiYGBgAAgwAAAEAAGbA+oJAAAAAElFTkSuQmCC) !important}.eg-monroe-element-1{text-shadow:0px 1px 3px rgba(0,0,0,0.1)}.eg-lyndon-johnson-wrapper .esg-entry-cover{background:-moz-radial-gradient(center,ellipse cover,rgba(0,0,0,0.35) 0%,rgba(18,18,18,0) 96%,rgba(19,19,19,0) 100%); background:-webkit-gradient(radial,center center,0px,center center,100%,color-stop(0%,rgba(0,0,0,0.35)),color-stop(96%,rgba(18,18,18,0)),color-stop(100%,rgba(19,19,19,0))); background:-webkit-radial-gradient(center,ellipse cover,rgba(0,0,0,0.35) 0%,rgba(18,18,18,0) 96%,rgba(19,19,19,0) 100%); background:-o-radial-gradient(center,ellipse cover,rgba(0,0,0,0.35) 0%,rgba(18,18,18,0) 96%,rgba(19,19,19,0) 100%); background:-ms-radial-gradient(center,ellipse cover,rgba(0,0,0,0.35) 0%,rgba(18,18,18,0) 96%,rgba(19,19,19,0) 100%); background:radial-gradient(ellipse at center,rgba(0,0,0,0.35) 0%,rgba(18,18,18,0) 96%,rgba(19,19,19,0) 100%); filter:progid:DXImageTransform.Microsoft.gradient( startColorstr='#59000000',endColorstr='#00131313',GradientType=1 )}.eg-wilbert-wrapper .esg-entry-cover{background:-moz-radial-gradient(center,ellipse cover,rgba(0,0,0,0.35) 0%,rgba(18,18,18,0) 96%,rgba(19,19,19,0) 100%); background:-webkit-gradient(radial,center center,0px,center center,100%,color-stop(0%,rgba(0,0,0,0.35)),color-stop(96%,rgba(18,18,18,0)),color-stop(100%,rgba(19,19,19,0))); background:-webkit-radial-gradient(center,ellipse cover,rgba(0,0,0,0.35) 0%,rgba(18,18,18,0) 96%,rgba(19,19,19,0) 100%); background:-o-radial-gradient(center,ellipse cover,rgba(0,0,0,0.35) 0%,rgba(18,18,18,0) 96%,rgba(19,19,19,0) 100%); background:-ms-radial-gradient(center,ellipse cover,rgba(0,0,0,0.35) 0%,rgba(18,18,18,0) 96%,rgba(19,19,19,0) 100%); background:radial-gradient(ellipse at center,rgba(0,0,0,0.35) 0%,rgba(18,18,18,0) 96%,rgba(19,19,19,0) 100%); filter:progid:DXImageTransform.Microsoft.gradient( startColorstr='#59000000',endColorstr='#00131313',GradientType=1 )}.eg-wilbert-wrapper .esg-entry-media img{-webkit-transition:0.4s ease-in-out;  -moz-transition:0.4s ease-in-out;  -o-transition:0.4s ease-in-out;  transition:0.4s ease-in-out;  filter:url(\"data:image\/svg+xml;utf8,<svg xmlns='http:\/\/www.w3.org\/2000\/svg'><filter id='grayscale'><feColorMatrix type='matrix' values='0.3333 0.3333 0.3333 0 0 0.3333 0.3333 0.3333 0 0 0.3333 0.3333 0.3333 0 0 0 0 0 1 0'\/><\/filter><\/svg>#grayscale\");   filter:gray;   -webkit-filter:grayscale(100%)}.eg-wilbert-wrapper:hover .esg-entry-media img{filter:url(\"data:image\/svg+xml;utf8,<svg xmlns='http:\/\/www.w3.org\/2000\/svg'><filter id='grayscale'><feColorMatrix type='matrix' values='1 0 0 0 0,0 1 0 0 0,0 0 1 0 0,0 0 0 1 0'\/><\/filter><\/svg>#grayscale\");  -webkit-filter:grayscale(0%)}.eg-phillie-element-3:after{content:\" \";width:0px;height:0px;border-style:solid;border-width:5px 5px 0 5px;border-color:#000 transparent transparent transparent;left:50%;margin-left:-5px; bottom:-5px; position:absolute}.eg-howardtaft-wrapper .esg-entry-media img,.eg-howardtaft-wrapper .esg-media-poster{filter:url(\"data:image\/svg+xml;utf8,<svg xmlns='http:\/\/www.w3.org\/2000\/svg'><filter id='grayscale'><feColorMatrix type='matrix' values='1 0 0 0 0,0 1 0 0 0,0 0 1 0 0,0 0 0 1 0'\/><\/filter><\/svg>#grayscale\");  -webkit-filter:grayscale(0%)}.eg-howardtaft-wrapper:hover .esg-entry-media img,.eg-howardtaft-wrapper:hover .esg-media-poster{filter:url(\"data:image\/svg+xml;utf8,<svg xmlns='http:\/\/www.w3.org\/2000\/svg'><filter id='grayscale'><feColorMatrix type='matrix' values='0.3333 0.3333 0.3333 0 0 0.3333 0.3333 0.3333 0 0 0.3333 0.3333 0.3333 0 0 0 0 0 1 0'\/><\/filter><\/svg>#grayscale\");   filter:gray;   -webkit-filter:grayscale(100%)}.myportfolio-container .added_to_cart.wc-forward{font-family:\"Open Sans\"; font-size:13px; color:#fff; margin-top:10px}.esgbox-title.esgbox-title-outside-wrap{font-size:15px; font-weight:700; text-align:center}.esgbox-title.esgbox-title-inside-wrap{padding-bottom:10px; font-size:15px; font-weight:700; text-align:center}.esg-content.eg-twitterstream-element-33-a{display:inline-block}.eg-twitterstream-element-35{word-break:break-all}.esg-overlay.eg-twitterstream-container{background:-moz-linear-gradient(top,rgba(0,0,0,0) 50%,rgba(0,0,0,0.83) 99%,rgba(0,0,0,0.85) 100%); background:-webkit-gradient(linear,left top,left bottom,color-stop(50%,rgba(0,0,0,0)),color-stop(99%,rgba(0,0,0,0.83)),color-stop(100%,rgba(0,0,0,0.85))); background:-webkit-linear-gradient(top,rgba(0,0,0,0) 50%,rgba(0,0,0,0.83) 99%,rgba(0,0,0,0.85) 100%); background:-o-linear-gradient(top,rgba(0,0,0,0) 50%,rgba(0,0,0,0.83) 99%,rgba(0,0,0,0.85) 100%); background:-ms-linear-gradient(top,rgba(0,0,0,0) 50%,rgba(0,0,0,0.83) 99%,rgba(0,0,0,0.85) 100%); background:linear-gradient(to bottom,rgba(0,0,0,0) 50%,rgba(0,0,0,0.83) 99%,rgba(0,0,0,0.85) 100%); filter:progid:DXImageTransform.Microsoft.gradient( startColorstr='#00000000',endColorstr='#d9000000',GradientType=0 )}.esg-content.eg-facebookstream-element-33-a{display:inline-block}.eg-facebookstream-element-0{word-break:break-all}.esg-overlay.eg-flickrstream-container{background:-moz-linear-gradient(top,rgba(0,0,0,0) 50%,rgba(0,0,0,0.83) 99%,rgba(0,0,0,0.85) 100%); background:-webkit-gradient(linear,left top,left bottom,color-stop(50%,rgba(0,0,0,0)),color-stop(99%,rgba(0,0,0,0.83)),color-stop(100%,rgba(0,0,0,0.85))); background:-webkit-linear-gradient(top,rgba(0,0,0,0) 50%,rgba(0,0,0,0.83) 99%,rgba(0,0,0,0.85) 100%); background:-o-linear-gradient(top,rgba(0,0,0,0) 50%,rgba(0,0,0,0.83) 99%,rgba(0,0,0,0.85) 100%); background:-ms-linear-gradient(top,rgba(0,0,0,0) 50%,rgba(0,0,0,0.83) 99%,rgba(0,0,0,0.85) 100%); background:linear-gradient(to bottom,rgba(0,0,0,0) 50%,rgba(0,0,0,0.83) 99%,rgba(0,0,0,0.85) 100%); filter:progid:DXImageTransform.Microsoft.gradient( startColorstr='#00000000',endColorstr='#d9000000',GradientType=0 )}<\/style>\n<style type=\"text\/css\"><\/style>\n<style type=\"text\/css\">.eg-catalogoeng-element-0{font-size:15px !important; line-height:22px !important; color:#ffffff !important; font-weight:900 !important; display:inline-block !important; float:none !important; clear:both !important; margin:0px 0px 0px 0px !important; padding:0px 0px 0px 0px !important; border-radius:0px 0px 0px 0px !important; background:transparent !important; position:relative !important; z-index:2 !important; font-family:\"Raleway\" !important; text-transform:uppercase !important}.eg-catalogoeng-element-2{font-size:6px !important; line-height:7px !important; color:transparent !important; font-weight:300 !important; display:inline-block !important; float:none !important; clear:both !important; margin:0px 0px 0px 0px !important; padding:0px 0px 0px 0px !important; border-radius:0px 0px 0px 0px !important; background:transparent !important; position:relative !important; z-index:2 !important; text-transform:uppercase !important; border-top-width:2px !important; border-right-width:0px !important; border-bottom-width:0px !important; border-left-width:0px !important; border-color:#ffffff !important; border-style:solid !important}.eg-catalogoeng-element-6{font-size:17px !important; line-height:22px !important; color:#ffffff !important; font-weight:200 !important; padding:15px 15px 15px 15px !important; border-radius:60px 60px 60px 60px !important; background:rgba(255,255,255,0.5) !important; z-index:2 !important; display:block; border-top-width:0px !important; border-right-width:0px !important; border-bottom-width:0px !important; border-left-width:0px !important; border-color:#ffffff !important; border-style:solid !important}.eg-catalogoeng-element-7{font-size:17px !important; line-height:22px !important; color:#ffffff !important; font-weight:400 !important; display:inline-block !important; float:none !important; clear:none !important; margin:0px 0px 0px 0px !important; padding:0px 0px 0px 0px !important; border-radius:0px 0px 0px 0px !important; background:transparent !important; position:relative !important; z-index:2 !important; border-top-width:0px !important; border-right-width:0px !important; border-bottom-width:0px !important; border-left-width:0px !important; border-color:#ffffff !important; border-style:solid !important}<\/style>\n<style type=\"text\/css\">.eg-catalogoeng-element-6:hover{font-size:17px !important; line-height:22px !important; color:#ffffff !important; font-weight:200 !important; border-radius:60px 60px 60px 60px !important; background:rgba(0,0,0,0.25) !important; border-top-width:0px !important; border-right-width:0px !important; border-bottom-width:0px !important; border-left-width:0px !important; border-color:#ffffff !important; border-style:solid !important}<\/style>\n<style type=\"text\/css\">.eg-catalogoeng-element-6-a{display:inline-block !important; float:none !important; clear:none !important; margin:0px 0px 0px 0px !important; position:relative !important}<\/style>\n<style type=\"text\/css\">.eg-catalogoeng-container{background:rgba(229,151,13,0.85)}<\/style>\n<style type=\"text\/css\">.eg-catalogoeng-content{background:#000000; padding:0px 0px 0px 0px; border-width:0px 0px 0px 0px; border-radius:0px 0px 0px 0px; border-color:transparent; border-style:none; text-align:center}<\/style>\n<style type=\"text\/css\">.esg-grid .mainul li.eg-catalogoeng-wrapper{background:#ffffff; padding:0px 0px 0px 0px; border-width:1px 1px 1px 1px; border-radius:0px 0px 0px 0px; border-color:#babbbd; border-style:solid; overflow:hidden;-webkit-mask-image:url(data:image\/png;base64,iVBORw0KGgoAAAANSUhEUgAAAAEAAAABCAIAAACQd1PeAAAAGXRFWHRTb2Z0d2FyZQBBZG9iZSBJbWFnZVJlYWR5ccllPAAAAA5JREFUeNpiYGBgAAgwAAAEAAGbA+oJAAAAAElFTkSuQmCC) !important}<\/style>\n<style type=\"text\/css\">.esg-grid .mainul li.eg-catalogoeng-wrapper .esg-media-poster{background-size:cover; background-position:center center; background-repeat:no-repeat}<\/style>\n<!-- THE ESSENTIAL GRID 2.1.6 CUSTOM -->\n\n<article class=\"myportfolio-container flat-light\" id=\"esg-grid-50-1-wrap\">\n\n    <div id=\"esg-grid-50-1\" class=\"esg-grid\" style=\"background: rgba(255,255,255,0);padding: 0px 0px 30px 0px ; box-sizing:border-box; -moz-box-sizing:border-box; -webkit-box-sizing:border-box; display:none\">\n<ul>\n<li id=\"eg-50-post-id-0\" class=\"filterall eg-catalogoeng-wrapper eg-post-id-0\" data-date=\"\">\n    <div class=\"esg-media-cover-wrapper\">\n<div class=\"esg-entry-media\"><img loading=\"lazy\" decoding=\"async\" src=\"https:\/\/bermiherrajes.com\/wp-content\/uploads\/2018\/06\/Catalogo_esp-1.jpg\" alt=\"\" width=\"858\" height=\"1214\"><\/div>\n\n            <div class=\"esg-entry-cover\">\n\n                <div class=\"esg-overlay esg-slide eg-catalogoeng-container\" data-delay=\"0\"><\/div>\n\n\t\t\t\t<div class=\"esg-center eg-catalogoeng-element-0 esg-slide\" data-delay=\"0.15\">Catalogo  en espagnol<\/div>\n              <div class=\"esg-center eg-catalogoeng-element-1 esg-none esg-clear\" style=\"height: 5px; visibility: hidden;\"><\/div>\n\t\t\t\t<div class=\"esg-center eg-catalogoeng-element-2 esg-zoomback\" data-delay=\"0.25\">anemptytextlline<\/div>\n              <div class=\"esg-center eg-catalogoeng-element-3 esg-none esg-clear\" style=\"height: 5px; visibility: hidden;\"><\/div>\n\t\t\t\t<div class=\"esg-center eg-catalogoeng-element-6-a esg-slide\" data-delay=\"0.35\"><a class=\"eg-catalogoeng-element-6\" href=\"https:\/\/bermiherrajes.com\/wp-content\/uploads\/2018\/05\/BERMI_Catalogo.pdf\" target=\"_blank\"><i class=\"eg-icon-search\"><\/i><\/a><\/div>\n\t\t\t\t<div class=\"esg-center esg-click-to-play-video eg-catalogoeng-element-7 esg-slide\" data-delay=\"0.35\"><i class=\"eg-icon-play\"><\/i><\/div>\n           <\/div>\n   <\/div>\n\n<\/li>\n<li id=\"eg-50-post-id-1\" class=\"filterall eg-catalogoeng-wrapper eg-post-id-1\" data-date=\"\">\n    <div class=\"esg-media-cover-wrapper\">\n<div class=\"esg-entry-media\"><img loading=\"lazy\" decoding=\"async\" src=\"https:\/\/bermiherrajes.com\/wp-content\/uploads\/2018\/06\/Catalogo_pol-1.jpg\" alt=\"\" width=\"858\" height=\"1214\"><\/div>\n\n            <div class=\"esg-entry-cover\">\n\n                <div class=\"esg-overlay esg-slide eg-catalogoeng-container\" data-delay=\"0\"><\/div>\n\n\t\t\t\t<div class=\"esg-center eg-catalogoeng-element-0 esg-slide\" data-delay=\"0.15\">Catalogo en polonais<\/div>\n              <div class=\"esg-center eg-catalogoeng-element-1 esg-none esg-clear\" style=\"height: 5px; visibility: hidden;\"><\/div>\n\t\t\t\t<div class=\"esg-center eg-catalogoeng-element-2 esg-zoomback\" data-delay=\"0.25\">anemptytextlline<\/div>\n              <div class=\"esg-center eg-catalogoeng-element-3 esg-none esg-clear\" style=\"height: 5px; visibility: hidden;\"><\/div>\n\t\t\t\t<div class=\"esg-center eg-catalogoeng-element-6-a esg-slide\" data-delay=\"0.35\"><a class=\"eg-catalogoeng-element-6\" href=\"https:\/\/bermiherrajes.com\/wp-content\/uploads\/2018\/05\/BERMI_CATALOGO_2017_PL.pdf\" target=\"_blank\"><i class=\"eg-icon-search\"><\/i><\/a><\/div>\n\t\t\t\t<div class=\"esg-center esg-click-to-play-video eg-catalogoeng-element-7 esg-slide\" data-delay=\"0.35\"><i class=\"eg-icon-play\"><\/i><\/div>\n           <\/div>\n   <\/div>\n\n<\/li>\n<li id=\"eg-50-post-id-2\" class=\"filterall eg-catalogoeng-wrapper eg-post-id-2\" data-date=\"\">\n    <div class=\"esg-media-cover-wrapper\">\n<div class=\"esg-entry-media\"><img loading=\"lazy\" decoding=\"async\" src=\"https:\/\/bermiherrajes.com\/wp-content\/uploads\/2019\/02\/PORTADA-CAT-FRANCES-1.jpg\" alt=\"\" width=\"789\" height=\"1116\"><\/div>\n\n            <div class=\"esg-entry-cover\">\n\n                <div class=\"esg-overlay esg-slide eg-catalogoeng-container\" data-delay=\"0\"><\/div>\n\n\t\t\t\t<div class=\"esg-center eg-catalogoeng-element-0 esg-slide\" data-delay=\"0.15\">Catalogo en fran\u00e7ais<\/div>\n              <div class=\"esg-center eg-catalogoeng-element-1 esg-none esg-clear\" style=\"height: 5px; visibility: hidden;\"><\/div>\n\t\t\t\t<div class=\"esg-center eg-catalogoeng-element-2 esg-zoomback\" data-delay=\"0.25\">anemptytextlline<\/div>\n              <div class=\"esg-center eg-catalogoeng-element-3 esg-none esg-clear\" style=\"height: 5px; visibility: hidden;\"><\/div>\n\t\t\t\t<div class=\"esg-center eg-catalogoeng-element-6-a esg-slide\" data-delay=\"0.35\"><a class=\"eg-catalogoeng-element-6\" href=\"https:\/\/bermiherrajes.com\/wp-content\/uploads\/2019\/02\/catalogo-frances-2018_V2.pdf\" target=\"_blank\"><i class=\"eg-icon-search\"><\/i><\/a><\/div>\n\t\t\t\t<div class=\"esg-center esg-click-to-play-video eg-catalogoeng-element-7 esg-slide\" data-delay=\"0.35\"><i class=\"eg-icon-play\"><\/i><\/div>\n           <\/div>\n   <\/div>\n\n<\/li>\n<li id=\"eg-50-post-id-3\" class=\"filterall eg-catalogoeng-wrapper eg-post-id-3\" data-date=\"\">\n    <div class=\"esg-media-cover-wrapper\">\n<div class=\"esg-entry-media\"><img loading=\"lazy\" decoding=\"async\" src=\"https:\/\/bermiherrajes.com\/wp-content\/uploads\/2019\/05\/portada-catalogo-ingles.png\" alt=\"\" width=\"681\" height=\"914\"><\/div>\n\n            <div class=\"esg-entry-cover\">\n\n                <div class=\"esg-overlay esg-slide eg-catalogoeng-container\" data-delay=\"0\"><\/div>\n\n\t\t\t\t<div class=\"esg-center eg-catalogoeng-element-0 esg-slide\" data-delay=\"0.15\">Catalogue en anglais<\/div>\n              <div class=\"esg-center eg-catalogoeng-element-1 esg-none esg-clear\" style=\"height: 5px; visibility: hidden;\"><\/div>\n\t\t\t\t<div class=\"esg-center eg-catalogoeng-element-2 esg-zoomback\" data-delay=\"0.25\">anemptytextlline<\/div>\n              <div class=\"esg-center eg-catalogoeng-element-3 esg-none esg-clear\" style=\"height: 5px; visibility: hidden;\"><\/div>\n\t\t\t\t<div class=\"esg-center eg-catalogoeng-element-6-a esg-slide\" data-delay=\"0.35\"><a class=\"eg-catalogoeng-element-6\" href=\"https:\/\/bermiherrajes.com\/wp-content\/uploads\/2019\/05\/CAT\u00c1LOGO-BERMI-INGLES.pdf\" target=\"_blank\"><i class=\"eg-icon-search\"><\/i><\/a><\/div>\n\t\t\t\t<div class=\"esg-center esg-click-to-play-video eg-catalogoeng-element-7 esg-slide\" data-delay=\"0.35\"><i class=\"eg-icon-play\"><\/i><\/div>\n           <\/div>\n   <\/div>\n\n<\/li>\n<\/ul>\n    <\/div>\n\n<\/article>\n<div class=\"clear\"><\/div>\n<script type=\"text\/javascript\">\nvar essapi_50;\njQuery(document).ready(function() {\n\tessapi_50 = jQuery(\"#esg-grid-50-1\").tpessential({\n        gridID:50,\n        layout:\"masonry\",\n        forceFullWidth:\"off\",\n        lazyLoad:\"off\",\n        gridID:\"50\",\n        loadMoreType:\"button\",\n        loadMoreAmount:3,\n        loadMoreTxt:\"Load More\",\n        loadMoreNr:\"on\",\n        loadMoreEndTxt:\"No More Items for the Selected Filter\",\n        loadMoreItems:[],\n        row:9999,\n        loadMoreAjaxToken:\"b3b7dfc16b\",\n        loadMoreAjaxUrl:\"https:\/\/bermiherrajes.com\/wp-admin\/admin-ajax.php\",\n        loadMoreAjaxAction:\"Essential_Grid_Front_request_ajax\",\n        ajaxContentTarget:\"ess-grid-ajax-container-catalogo\",\n        ajaxScrollToOffset:\"0\",\n        ajaxCloseButton:\"off\",\n        ajaxContentSliding:\"on\",\n        ajaxScrollToOnLoad:\"on\",\n        ajaxCallbackArgument:\"off\",\n        ajaxNavButton:\"off\",\n        ajaxCloseType:\"type1\",\n        ajaxCloseInner:\"false\",\n        ajaxCloseStyle:\"light\",\n        ajaxClosePosition:\"tr\",\n        space:12,\n        pageAnimation:\"fade\",\n        paginationScrollToTop:\"off\",\n        spinner:\"spinner0\",\n        lightBoxMode:\"filterpage\",\n        lightboxSpinner:\"off\",\n        lightBoxFeaturedImg:\"off\",\n        lightBoxPostTitle:\"off\",\n        lightBoxPostTitleTag:\"h2\",\n        animSpeed:1000,\n        delayBasic:1,\n        mainhoverdelay:1,\n        filterType:\"single\",\n        showDropFilter:\"hover\",\n        filterGroupClass:\"esg-fgc-50\",\n        googleFonts:['Open+Sans:300,400,600,700,800','Raleway:100,200,300,400,500,600,700,800,900','Droid+Serif:400,700'],\n        responsiveEntries: [\n\t\t\t\t\t\t{ width:1400,amount:2,mmheight:0},\n\t\t\t\t\t\t{ width:1170,amount:2,mmheight:0},\n\t\t\t\t\t\t{ width:1024,amount:2,mmheight:0},\n\t\t\t\t\t\t{ width:960,amount:2,mmheight:0},\n\t\t\t\t\t\t{ width:778,amount:2,mmheight:0},\n\t\t\t\t\t\t{ width:640,amount:2,mmheight:0},\n\t\t\t\t\t\t{ width:480,amount:1,mmheight:0}\n\t\t\t\t\t\t]\n\t});\n\n});\n<\/script>\n[\/vc_column][\/vc_row]<\/p>\n","protected":false},"excerpt":{"rendered":"<p>[vc_row][vc_column offset=\u00a0\u00bbvc_col-xs-12&Prime; el_class=\u00a0\u00bbcatalogo-descripcion\u00a0\u00bb][vc_column_text el_class=\u00a0\u00bbtexto-amedida\u00a0\u00bb]T\u00e9l\u00e9chargez les catalogues et voyez toutes les r\u00e9f\u00e9rences que nous pouvons fabriquer[\/vc_column_text][\/vc_column][\/vc_row][vc_row css=\u00a0\u00bb.vc_custom_1530003870290{padding-top: 40px !important;}\u00a0\u00bb][vc_column width=\u00a0\u00bb2\/3&Prime; el_class=\u00a0\u00bbcatalogos-grid\u00a0\u00bb][\/vc_column][\/vc_row]<\/p>\n","protected":false},"author":1,"featured_media":0,"parent":0,"menu_order":0,"comment_status":"closed","ping_status":"closed","template":"","meta":{"footnotes":""},"_links":{"self":[{"href":"https:\/\/bermiherrajes.com\/fr\/wp-json\/wp\/v2\/pages\/76146"}],"collection":[{"href":"https:\/\/bermiherrajes.com\/fr\/wp-json\/wp\/v2\/pages"}],"about":[{"href":"https:\/\/bermiherrajes.com\/fr\/wp-json\/wp\/v2\/types\/page"}],"author":[{"embeddable":true,"href":"https:\/\/bermiherrajes.com\/fr\/wp-json\/wp\/v2\/users\/1"}],"replies":[{"embeddable":true,"href":"https:\/\/bermiherrajes.com\/fr\/wp-json\/wp\/v2\/comments?post=76146"}],"version-history":[{"count":5,"href":"https:\/\/bermiherrajes.com\/fr\/wp-json\/wp\/v2\/pages\/76146\/revisions"}],"predecessor-version":[{"id":77520,"href":"https:\/\/bermiherrajes.com\/fr\/wp-json\/wp\/v2\/pages\/76146\/revisions\/77520"}],"wp:attachment":[{"href":"https:\/\/bermiherrajes.com\/fr\/wp-json\/wp\/v2\/media?parent=76146"}],"curies":[{"name":"wp","href":"https:\/\/api.w.org\/{rel}","templated":true}]}}