{"id":76149,"date":"2018-05-28T10:21:17","date_gmt":"2018-05-28T10:21:17","guid":{"rendered":"https:\/\/bermiherrajes.com\/consentimiento\/"},"modified":"2019-02-26T18:20:13","modified_gmt":"2019-02-26T17:20:13","slug":"consentimiento","status":"publish","type":"page","link":"https:\/\/bermiherrajes.com\/fr\/consentimiento\/","title":{"rendered":"Consentement"},"content":{"rendered":"<p>[vc_row css=\u00a0\u00bb.vc_custom_1527503605427{margin-bottom: 50px !important;}\u00a0\u00bb][vc_column][vc_column_text]<\/p>\n<p style=\"text-align: center;\"><strong>CONSENTEMENT EXPRESS POUR LE TRAITEMENT DE DONN\u00c9ES \u00c0 CARACT\u00c8RE PERSONNEL COLLECT\u00c9ES PAR VOIE \u00c9LECTRONIQUE<\/strong><\/p>\n<p>Conform\u00e9ment aux dispositions du R\u00c8GLEMENT (UE) 2016\/679 sur la protection des donn\u00e9es \u00e0 caract\u00e8re personnel, nous vous informons que les donn\u00e9es que vous fournissez seront int\u00e9gr\u00e9es au syst\u00e8me de traitement appartenant \u00e0 HERRAJES BERMI, S.L.U. avec CIF B53040341 \u200b\u200bet si\u00e8ge social \u00e0 AVD. PORTUGAL, S \/ N Section 435, aux fins du COMMERCE \u00c9LECTRONIQUE; CLIENT, COMPTABILIT\u00c9, GESTION FISCALE ET ADMINISTRATIVE; AUTRES FINS.<\/p>\n<p>Nous proc\u00e9derons au traitement des donn\u00e9es de mani\u00e8re licite, loyale, transparente, ad\u00e9quate, pertinente, limit\u00e9e, pr\u00e9cise et \u00e0 jour. Jusqu&rsquo;\u00e0 ce que vous nous disiez le contraire, nous comprenons que vos donn\u00e9es n&rsquo;ont pas \u00e9t\u00e9 modifi\u00e9es et que vous acceptez de nous informer de toute variation.<\/p>\n<p>Conform\u00e9ment aux droits conf\u00e9r\u00e9s par la r\u00e9glementation en vigueur, vous pouvez exercer les droits d&rsquo;acc\u00e8s, de rectification, de limitation de traitement, de suppression, de portabilit\u00e9 et d&rsquo;opposition au traitement de leurs donn\u00e9es personnelles et r\u00e9voquer le consentement donn\u00e9, en dirigeant votre demande \u00e0 l&rsquo;adresse indiqu\u00e9e. indiqu\u00e9 par courrier postal ou \u00e9lectronique info@bermiherrajes.com et peut contacter l\u2019autorit\u00e9 de contr\u00f4le comp\u00e9tente pour soumettre la demande de remboursement qu\u2019elle juge appropri\u00e9e.<\/p>\n<p>&nbsp;<\/p>\n<p style=\"text-align: center;\"><strong>AUCUN CONSENTEMENT EXPRESS POUR LE TRAITEMENT DE DONN\u00c9ES PERSONNELLES COLLECTE PAR VOIE ELECTRONIQUE<\/strong><\/p>\n<p>Conform\u00e9ment aux dispositions du R\u00c8GLEMENT (UE) 2016\/679 relatif \u00e0 la protection des donn\u00e9es \u00e0 caract\u00e8re personnel, nous vous informons que nous ne pouvons pas traiter vos donn\u00e9es sans votre consentement pr\u00e9alable. Le processus d&rsquo;inscription est interrompu jusqu&rsquo;\u00e0 l&rsquo;obtention de votre consentement expr\u00e8s.[\/vc_column_text][\/vc_column][\/vc_row]<\/p>\n","protected":false},"excerpt":{"rendered":"<p>[vc_row css=\u00a0\u00bb.vc_custom_1527503605427{margin-bottom: 50px !important;}\u00a0\u00bb][vc_column][vc_column_text] CONSENTEMENT EXPRESS POUR LE TRAITEMENT DE DONN\u00c9ES \u00c0 CARACT\u00c8RE PERSONNEL COLLECT\u00c9ES PAR VOIE \u00c9LECTRONIQUE Conform\u00e9ment aux dispositions du R\u00c8GLEMENT (UE) 2016\/679 sur la protection des donn\u00e9es \u00e0 caract\u00e8re personnel, nous vous informons que les donn\u00e9es que vous fournissez seront int\u00e9gr\u00e9es au syst\u00e8me de traitement appartenant \u00e0 HERRAJES BERMI, S.L.U. avec CIF [&hellip;]<\/p>\n","protected":false},"author":1,"featured_media":0,"parent":0,"menu_order":0,"comment_status":"closed","ping_status":"closed","template":"","meta":{"footnotes":""},"_links":{"self":[{"href":"https:\/\/bermiherrajes.com\/fr\/wp-json\/wp\/v2\/pages\/76149"}],"collection":[{"href":"https:\/\/bermiherrajes.com\/fr\/wp-json\/wp\/v2\/pages"}],"about":[{"href":"https:\/\/bermiherrajes.com\/fr\/wp-json\/wp\/v2\/types\/page"}],"author":[{"embeddable":true,"href":"https:\/\/bermiherrajes.com\/fr\/wp-json\/wp\/v2\/users\/1"}],"replies":[{"embeddable":true,"href":"https:\/\/bermiherrajes.com\/fr\/wp-json\/wp\/v2\/comments?post=76149"}],"version-history":[{"count":3,"href":"https:\/\/bermiherrajes.com\/fr\/wp-json\/wp\/v2\/pages\/76149\/revisions"}],"predecessor-version":[{"id":76152,"href":"https:\/\/bermiherrajes.com\/fr\/wp-json\/wp\/v2\/pages\/76149\/revisions\/76152"}],"wp:attachment":[{"href":"https:\/\/bermiherrajes.com\/fr\/wp-json\/wp\/v2\/media?parent=76149"}],"curies":[{"name":"wp","href":"https:\/\/api.w.org\/{rel}","templated":true}]}}