{"id":76165,"date":"2018-05-04T08:51:56","date_gmt":"2018-05-04T08:51:56","guid":{"rendered":"https:\/\/bermiherrajes.com\/noticias\/"},"modified":"2019-04-08T10:45:59","modified_gmt":"2019-04-08T08:45:59","slug":"noticias","status":"publish","type":"page","link":"https:\/\/bermiherrajes.com\/fr\/noticias\/","title":{"rendered":"INFORMATIONS"},"content":{"rendered":"<p>[vc_row el_class=\u00a0\u00bbnoticias-grid\u00a0\u00bb][vc_column][vc_custom_heading text=\u00a0\u00bbBienvenue sur le blog de mat\u00e9riel BERMI. Nous vous apportons les nouvelles les plus importantes du secteur du mat\u00e9riel, les derni\u00e8res innovations technologiques, les nouveaut\u00e9s de nos services et produits et toute l\u2019activit\u00e9 de notre entreprise. \u00a0\u00bb el_class=\u00a0\u00bbtexto-noticia\u00a0\u00bb][\/vc_column][\/vc_row][vc_row][vc_column]<style type=\"text\/css\">a.eg-henryharrison-element-1,a.eg-henryharrison-element-2{-webkit-transition:all .4s linear;   -moz-transition:all .4s linear;   -o-transition:all .4s linear;   -ms-transition:all .4s linear;   transition:all .4s linear}.eg-jimmy-carter-element-11 i:before{margin-left:0px; margin-right:0px}.eg-harding-element-17{letter-spacing:1px}.eg-harding-wrapper .esg-entry-media{overflow:hidden; box-sizing:border-box;   -webkit-box-sizing:border-box;   -moz-box-sizing:border-box;   padding:30px 30px 0px 30px}.eg-harding-wrapper .esg-entry-media img{overflow:hidden; border-radius:50%;   -webkit-border-radius:50%;   -moz-border-radius:50%}.eg-ulysses-s-grant-wrapper .esg-entry-media{overflow:hidden; box-sizing:border-box;   -webkit-box-sizing:border-box;   -moz-box-sizing:border-box;   padding:30px 30px 0px 30px}.eg-ulysses-s-grant-wrapper .esg-entry-media img{overflow:hidden; border-radius:50%;   -webkit-border-radius:50%;   -moz-border-radius:50%}.eg-richard-nixon-wrapper .esg-entry-media{overflow:hidden; box-sizing:border-box;   -webkit-box-sizing:border-box;   -moz-box-sizing:border-box;   padding:30px 30px 0px 30px}.eg-richard-nixon-wrapper .esg-entry-media img{overflow:hidden; border-radius:50%;   -webkit-border-radius:50%;   -moz-border-radius:50%}.eg-herbert-hoover-wrapper .esg-entry-media img{filter:url(\"data:image\/svg+xml;utf8,<svg xmlns='http:\/\/www.w3.org\/2000\/svg'><filter id='grayscale'><feColorMatrix type='matrix' values='0.3333 0.3333 0.3333 0 0 0.3333 0.3333 0.3333 0 0 0.3333 0.3333 0.3333 0 0 0 0 0 1 0'\/><\/filter><\/svg>#grayscale\");   filter:gray;   -webkit-filter:grayscale(100%)}.eg-herbert-hoover-wrapper:hover .esg-entry-media img{filter:url(\"data:image\/svg+xml;utf8,<svg xmlns='http:\/\/www.w3.org\/2000\/svg'><filter id='grayscale'><feColorMatrix type='matrix' values='1 0 0 0 0,0 1 0 0 0,0 0 1 0 0,0 0 0 1 0'\/><\/filter><\/svg>#grayscale\");  -webkit-filter:grayscale(0%)}.eg-lyndon-johnson-wrapper .esg-entry-media img{filter:url(\"data:image\/svg+xml;utf8,<svg xmlns='http:\/\/www.w3.org\/2000\/svg'><filter id='grayscale'><feColorMatrix type='matrix' values='0.3333 0.3333 0.3333 0 0 0.3333 0.3333 0.3333 0 0 0.3333 0.3333 0.3333 0 0 0 0 0 1 0'\/><\/filter><\/svg>#grayscale\");   filter:gray;   -webkit-filter:grayscale(100%)}.eg-lyndon-johnson-wrapper:hover .esg-entry-media img{filter:url(\"data:image\/svg+xml;utf8,<svg xmlns='http:\/\/www.w3.org\/2000\/svg'><filter id='grayscale'><feColorMatrix type='matrix' values='1 0 0 0 0,0 1 0 0 0,0 0 1 0 0,0 0 0 1 0'\/><\/filter><\/svg>#grayscale\");  -webkit-filter:grayscale(0%)}.esg-overlay.eg-ronald-reagan-container{background:-moz-linear-gradient(top,rgba(0,0,0,0) 50%,rgba(0,0,0,0.83) 99%,rgba(0,0,0,0.85) 100%); background:-webkit-gradient(linear,left top,left bottom,color-stop(50%,rgba(0,0,0,0)),color-stop(99%,rgba(0,0,0,0.83)),color-stop(100%,rgba(0,0,0,0.85))); background:-webkit-linear-gradient(top,rgba(0,0,0,0) 50%,rgba(0,0,0,0.83) 99%,rgba(0,0,0,0.85) 100%); background:-o-linear-gradient(top,rgba(0,0,0,0) 50%,rgba(0,0,0,0.83) 99%,rgba(0,0,0,0.85) 100%); background:-ms-linear-gradient(top,rgba(0,0,0,0) 50%,rgba(0,0,0,0.83) 99%,rgba(0,0,0,0.85) 100%); background:linear-gradient(to bottom,rgba(0,0,0,0) 50%,rgba(0,0,0,0.83) 99%,rgba(0,0,0,0.85) 100%); filter:progid:DXImageTransform.Microsoft.gradient( startColorstr='#00000000',endColorstr='#d9000000',GradientType=0 )}.eg-georgebush-wrapper .esg-entry-cover{background:-moz-linear-gradient(top,rgba(0,0,0,0) 50%,rgba(0,0,0,0.83) 99%,rgba(0,0,0,0.85) 100%); background:-webkit-gradient(linear,left top,left bottom,color-stop(50%,rgba(0,0,0,0)),color-stop(99%,rgba(0,0,0,0.83)),color-stop(100%,rgba(0,0,0,0.85))); background:-webkit-linear-gradient(top,rgba(0,0,0,0) 50%,rgba(0,0,0,0.83) 99%,rgba(0,0,0,0.85) 100%); background:-o-linear-gradient(top,rgba(0,0,0,0) 50%,rgba(0,0,0,0.83) 99%,rgba(0,0,0,0.85) 100%); background:-ms-linear-gradient(top,rgba(0,0,0,0) 50%,rgba(0,0,0,0.83) 99%,rgba(0,0,0,0.85) 100%); background:linear-gradient(to bottom,rgba(0,0,0,0) 50%,rgba(0,0,0,0.83) 99%,rgba(0,0,0,0.85) 100%); filter:progid:DXImageTransform.Microsoft.gradient( startColorstr='#00000000',endColorstr='#d9000000',GradientType=0 )}.eg-jefferson-wrapper{-webkit-border-radius:5px !important; -moz-border-radius:5px !important; border-radius:5px !important; -webkit-mask-image:url(data:image\/png;base64,iVBORw0KGgoAAAANSUhEUgAAAAEAAAABCAIAAACQd1PeAAAAGXRFWHRTb2Z0d2FyZQBBZG9iZSBJbWFnZVJlYWR5ccllPAAAAA5JREFUeNpiYGBgAAgwAAAEAAGbA+oJAAAAAElFTkSuQmCC) !important}.eg-monroe-element-1{text-shadow:0px 1px 3px rgba(0,0,0,0.1)}.eg-lyndon-johnson-wrapper .esg-entry-cover{background:-moz-radial-gradient(center,ellipse cover,rgba(0,0,0,0.35) 0%,rgba(18,18,18,0) 96%,rgba(19,19,19,0) 100%); background:-webkit-gradient(radial,center center,0px,center center,100%,color-stop(0%,rgba(0,0,0,0.35)),color-stop(96%,rgba(18,18,18,0)),color-stop(100%,rgba(19,19,19,0))); background:-webkit-radial-gradient(center,ellipse cover,rgba(0,0,0,0.35) 0%,rgba(18,18,18,0) 96%,rgba(19,19,19,0) 100%); background:-o-radial-gradient(center,ellipse cover,rgba(0,0,0,0.35) 0%,rgba(18,18,18,0) 96%,rgba(19,19,19,0) 100%); background:-ms-radial-gradient(center,ellipse cover,rgba(0,0,0,0.35) 0%,rgba(18,18,18,0) 96%,rgba(19,19,19,0) 100%); background:radial-gradient(ellipse at center,rgba(0,0,0,0.35) 0%,rgba(18,18,18,0) 96%,rgba(19,19,19,0) 100%); filter:progid:DXImageTransform.Microsoft.gradient( startColorstr='#59000000',endColorstr='#00131313',GradientType=1 )}.eg-wilbert-wrapper .esg-entry-cover{background:-moz-radial-gradient(center,ellipse cover,rgba(0,0,0,0.35) 0%,rgba(18,18,18,0) 96%,rgba(19,19,19,0) 100%); background:-webkit-gradient(radial,center center,0px,center center,100%,color-stop(0%,rgba(0,0,0,0.35)),color-stop(96%,rgba(18,18,18,0)),color-stop(100%,rgba(19,19,19,0))); background:-webkit-radial-gradient(center,ellipse cover,rgba(0,0,0,0.35) 0%,rgba(18,18,18,0) 96%,rgba(19,19,19,0) 100%); background:-o-radial-gradient(center,ellipse cover,rgba(0,0,0,0.35) 0%,rgba(18,18,18,0) 96%,rgba(19,19,19,0) 100%); background:-ms-radial-gradient(center,ellipse cover,rgba(0,0,0,0.35) 0%,rgba(18,18,18,0) 96%,rgba(19,19,19,0) 100%); background:radial-gradient(ellipse at center,rgba(0,0,0,0.35) 0%,rgba(18,18,18,0) 96%,rgba(19,19,19,0) 100%); filter:progid:DXImageTransform.Microsoft.gradient( startColorstr='#59000000',endColorstr='#00131313',GradientType=1 )}.eg-wilbert-wrapper .esg-entry-media img{-webkit-transition:0.4s ease-in-out;  -moz-transition:0.4s ease-in-out;  -o-transition:0.4s ease-in-out;  transition:0.4s ease-in-out;  filter:url(\"data:image\/svg+xml;utf8,<svg xmlns='http:\/\/www.w3.org\/2000\/svg'><filter id='grayscale'><feColorMatrix type='matrix' values='0.3333 0.3333 0.3333 0 0 0.3333 0.3333 0.3333 0 0 0.3333 0.3333 0.3333 0 0 0 0 0 1 0'\/><\/filter><\/svg>#grayscale\");   filter:gray;   -webkit-filter:grayscale(100%)}.eg-wilbert-wrapper:hover .esg-entry-media img{filter:url(\"data:image\/svg+xml;utf8,<svg xmlns='http:\/\/www.w3.org\/2000\/svg'><filter id='grayscale'><feColorMatrix type='matrix' values='1 0 0 0 0,0 1 0 0 0,0 0 1 0 0,0 0 0 1 0'\/><\/filter><\/svg>#grayscale\");  -webkit-filter:grayscale(0%)}.eg-phillie-element-3:after{content:\" \";width:0px;height:0px;border-style:solid;border-width:5px 5px 0 5px;border-color:#000 transparent transparent transparent;left:50%;margin-left:-5px; bottom:-5px; position:absolute}.eg-howardtaft-wrapper .esg-entry-media img,.eg-howardtaft-wrapper .esg-media-poster{filter:url(\"data:image\/svg+xml;utf8,<svg xmlns='http:\/\/www.w3.org\/2000\/svg'><filter id='grayscale'><feColorMatrix type='matrix' values='1 0 0 0 0,0 1 0 0 0,0 0 1 0 0,0 0 0 1 0'\/><\/filter><\/svg>#grayscale\");  -webkit-filter:grayscale(0%)}.eg-howardtaft-wrapper:hover .esg-entry-media img,.eg-howardtaft-wrapper:hover .esg-media-poster{filter:url(\"data:image\/svg+xml;utf8,<svg xmlns='http:\/\/www.w3.org\/2000\/svg'><filter id='grayscale'><feColorMatrix type='matrix' values='0.3333 0.3333 0.3333 0 0 0.3333 0.3333 0.3333 0 0 0.3333 0.3333 0.3333 0 0 0 0 0 1 0'\/><\/filter><\/svg>#grayscale\");   filter:gray;   -webkit-filter:grayscale(100%)}.myportfolio-container .added_to_cart.wc-forward{font-family:\"Open Sans\"; font-size:13px; color:#fff; margin-top:10px}.esgbox-title.esgbox-title-outside-wrap{font-size:15px; font-weight:700; text-align:center}.esgbox-title.esgbox-title-inside-wrap{padding-bottom:10px; font-size:15px; font-weight:700; text-align:center}.esg-content.eg-twitterstream-element-33-a{display:inline-block}.eg-twitterstream-element-35{word-break:break-all}.esg-overlay.eg-twitterstream-container{background:-moz-linear-gradient(top,rgba(0,0,0,0) 50%,rgba(0,0,0,0.83) 99%,rgba(0,0,0,0.85) 100%); background:-webkit-gradient(linear,left top,left bottom,color-stop(50%,rgba(0,0,0,0)),color-stop(99%,rgba(0,0,0,0.83)),color-stop(100%,rgba(0,0,0,0.85))); background:-webkit-linear-gradient(top,rgba(0,0,0,0) 50%,rgba(0,0,0,0.83) 99%,rgba(0,0,0,0.85) 100%); background:-o-linear-gradient(top,rgba(0,0,0,0) 50%,rgba(0,0,0,0.83) 99%,rgba(0,0,0,0.85) 100%); background:-ms-linear-gradient(top,rgba(0,0,0,0) 50%,rgba(0,0,0,0.83) 99%,rgba(0,0,0,0.85) 100%); background:linear-gradient(to bottom,rgba(0,0,0,0) 50%,rgba(0,0,0,0.83) 99%,rgba(0,0,0,0.85) 100%); filter:progid:DXImageTransform.Microsoft.gradient( startColorstr='#00000000',endColorstr='#d9000000',GradientType=0 )}.esg-content.eg-facebookstream-element-33-a{display:inline-block}.eg-facebookstream-element-0{word-break:break-all}.esg-overlay.eg-flickrstream-container{background:-moz-linear-gradient(top,rgba(0,0,0,0) 50%,rgba(0,0,0,0.83) 99%,rgba(0,0,0,0.85) 100%); background:-webkit-gradient(linear,left top,left bottom,color-stop(50%,rgba(0,0,0,0)),color-stop(99%,rgba(0,0,0,0.83)),color-stop(100%,rgba(0,0,0,0.85))); background:-webkit-linear-gradient(top,rgba(0,0,0,0) 50%,rgba(0,0,0,0.83) 99%,rgba(0,0,0,0.85) 100%); background:-o-linear-gradient(top,rgba(0,0,0,0) 50%,rgba(0,0,0,0.83) 99%,rgba(0,0,0,0.85) 100%); background:-ms-linear-gradient(top,rgba(0,0,0,0) 50%,rgba(0,0,0,0.83) 99%,rgba(0,0,0,0.85) 100%); background:linear-gradient(to bottom,rgba(0,0,0,0) 50%,rgba(0,0,0,0.83) 99%,rgba(0,0,0,0.85) 100%); filter:progid:DXImageTransform.Microsoft.gradient( startColorstr='#00000000',endColorstr='#d9000000',GradientType=0 )}<\/style>\n<!-- CACHE CREATED FOR: 42 --><style type=\"text\/css\">.text-dark .navigationbuttons,.text-dark .esg-pagination,.text-dark .esg-filters{text-align:center}.text-dark .esg-filterbutton,.text-dark .esg-navigationbutton,.text-dark .esg-sortbutton,.text-dark .esg-cartbutton{color:#fff; color:rgba(255,255,255,0.4); margin-right:5px; cursor:pointer; padding:0px 15px 0px 10px; line-height:20px; font-size:12px; font-weight:600; font-family:\"Open Sans\",sans-serif; display:inline-block; background:transparent; margin-bottom:5px}.text-dark .esg-navigationbutton *{color:#fff;  color:rgba(255,255,255,0.4)}.text-dark .esg-sortbutton-wrapper,.text-dark .esg-cartbutton-wrapper{display:inline-block}.text-dark .esg-sortbutton-order,.text-dark .esg-cartbutton-order{display:inline-block;  vertical-align:middle;  width:29px;  line-height:20px;  font-size:9px;  font-weight:700;  color:#fff;  color:rgba(255,255,255,0.4);  cursor:pointer;  background:transparent}.text-dark .esg-cartbutton{color:#fff; color:rgba(255,255,255,0.4); cursor:default !important}.text-dark .esg-cartbutton .esgicon-basket{color:#fff;   color:rgba(255,255,255,0.4);   font-size:15px;   line-height:15px;   margin-right:10px}.text-dark .esg-cartbutton-wrapper{cursor:default !important}.text-dark .esg-sortbutton,.text-dark .esg-cartbutton{display:inline-block; position:relative; cursor:pointer; margin-right:0px}.text-dark .esg-navigationbutton:hover,.text-dark .esg-filterbutton:hover,.text-dark .esg-sortbutton:hover,.text-dark .esg-filterbutton.selected,.text-dark .esg-sortbutton-order:hover,.text-dark .esg-cartbutton-order:hover{color:#fff}.text-dark .esg-navigationbutton:hover,.text-dark .esg-filterbutton:hover span:first-child,.text-dark .esg-filterbutton.selected span:first-child{text-decoration:none}.text-dark .esg-filterbutton{border-right:1px solid #fff; border-right:1px solid rgba(255,255,255,0.15)}.text-dark .esg-filterbutton:last-child{border-right:none}.text-dark .esg-sortbutton-order{padding-left:10px;  border-left:1px solid #fff;  border-left:1px solid rgba(255,255,255,0.15)}.text-dark .esg-navigationbutton:hover *{color:#fff}.text-dark .esg-sortbutton-order.tp-desc:hover{border-color:#fff;   border-color:rgba(255,255,255,0.15);   color:#fff}.text-dark .esg-filter-checked{padding:1px 3px; color:transparent; background:#000; background:rgba(0,0,0,0.10); margin-left:7px; font-size:9px; font-weight:300; line-height:9px; vertical-align:middle}.text-dark .esg-filter-checked *{}.text-dark .esg-filterbutton.selected .esg-filter-checked,.text-dark .esg-filterbutton:hover .esg-filter-checked{padding:1px 3px 1px 3px; color:#fff; background:#000; background:rgba(0,0,0,0.10); margin-left:7px; font-size:9px; font-weight:300; line-height:9px; vertical-align:middle}<\/style>\n<style type=\"text\/css\">.eg-grant-element-0{font-size:20px; line-height:25px; color:#363839; font-weight:600; display:block; text-align:left; clear:both; margin:0px 0px 20px 0px ; padding:0px 0px 0px 0px ; border-radius:0px 0px 0px 0px ; background:rgba(255,255,255,1); position:relative; z-index:2 !important; text-transform:capitalize}.eg-grant-element-2{font-size:13px; line-height:20px; color:#ffffff; font-weight:800; padding:5px 10px 5px 10px ; border-radius:0px 0px 0px 0px ; background:rgba(255,255,255,0.25); z-index:2 !important; display:block; text-transform:uppercase}.eg-grant-element-3{font-size:12px !important; line-height:14px !important; color:#aaaaaa !important; font-weight:300 !important; display:inline-block !important; float:left !important; clear:none !important; margin:0px 0px 0px 0px !important; padding:0px 10px 0px 0px !important; border-radius:0px 0px 0px 0px !important; background:rgba(255,255,255,1) !important; position:relative !important; z-index:2 !important; text-transform:capitalize !important; border-top-width:0px !important; border-right-width:0px !important; border-bottom-width:0px !important; border-left-width:0px !important; border-color:#ffffff !important; border-style:solid !important}.eg-grant-element-6{font-size:13px !important; line-height:22px !important; color:#777777 !important; font-weight:300 !important; display:block !important; text-align:left !important; clear:none !important; margin:15px 0px 0px 0px !important; padding:0px 0px 0px 0px !important; border-radius:0px 0px 0px 0px !important; background:rgba(255,255,255,1) !important; position:relative !important; z-index:2 !important; text-transform:capitalize !important}<\/style>\n<style type=\"text\/css\">.eg-grant-element-2:hover{font-size:13px; line-height:20px; color:#ffffff; font-weight:800; border-radius:0px 0px 0px 0px ; background:rgba(0,0,0,0.25); text-transform:uppercase}<\/style>\n<style type=\"text\/css\">.eg-grant-element-2-a{display:inline-block; float:none; clear:both; margin:0px 0px 0px 0px ; position:relative}<\/style>\n<style type=\"text\/css\">.eg-grant-container{background:rgba(229,151,13,0.85)}<\/style>\n<style type=\"text\/css\">.eg-grant-content{background:#ffffff; padding:30px 30px 30px 30px; border-width:0px 0px 0px 0px; border-radius:0px 0px 0px 0px; border-color:transparent; border-style:double; text-align:left}<\/style>\n<style type=\"text\/css\">.esg-grid .mainul li.eg-grant-wrapper{background:#ffffff; padding:0px 0px 0px 0px; border-width:0px 0px 0px 0px; border-radius:0px 0px 0px 0px; border-color:transparent; border-style:none}<\/style>\n<style type=\"text\/css\">.esg-grid .mainul li.eg-grant-wrapper .esg-media-poster{background-size:cover; background-position:center center; background-repeat:no-repeat}<\/style>\n<!-- THE ESSENTIAL GRID 2.1.6 POST -->\n\n<article class=\"myportfolio-container text-dark\" id=\"esg-grid-42-1-wrap\">\n\n    <div id=\"esg-grid-42-1\" class=\"esg-grid\" style=\"background: transparent;padding: 0px 0px 0px 0px ; box-sizing:border-box; -moz-box-sizing:border-box; -webkit-box-sizing:border-box;\">\n<ul>\n<li id=\"eg-42-post-id-77513\" class=\"filterall filter-noticias-fr filter-opcional-fr eg-grant-wrapper eg-post-id-77513\" data-date=\"1529318119\">\n    <div class=\"esg-media-cover-wrapper\">\n<div class=\"esg-entry-media\"><img loading=\"lazy\" decoding=\"async\" src=\"https:\/\/bermiherrajes.com\/wp-content\/plugins\/essential-grid\/public\/assets\/images\/300x200transparent.png\" data-lazythumb=\"https:\/\/bermiherrajes.com\/wp-content\/uploads\/2018\/06\/noticia_iso-25x25.jpg\" data-lazysrc=\"https:\/\/bermiherrajes.com\/wp-content\/uploads\/2018\/06\/noticia_iso.jpg\" alt=\"\" width=\"848\" height=\"450\"><\/div>\n\n            <div class=\"esg-entry-cover\">\n\n                <div class=\"esg-overlay esg-slide eg-grant-container\" data-delay=\"0\"><\/div>\n\n\t\t\t\t<div class=\"esg-center eg-post-77513 eg-grant-element-2-a esg-flipup\" data-delay=\"0.1\"><a class=\"eg-grant-element-2 eg-post-77513\" href=\"https:\/\/bermiherrajes.com\/fr\/noticia-1\/\" target=\"_self\">LEER M\u00c1S<\/a><\/div>\n           <\/div>\n<div class=\"esg-entry-content eg-grant-content\">\n\t\t\t\t<div class=\"esg-content eg-post-77513 eg-grant-element-0\">CERTIFICACTION ISO 9001:2015 HERRAJES BERMI<\/div>\n\t\t\t\t<div class=\"esg-content eg-post-77513 eg-grant-element-3\">06\/18\/2018<\/div>\n              <div class=\"esg-content eg-grant-element-22 esg-none esg-clear\" style=\"height: 5px; visibility: hidden;\"><\/div>\n\t\t\t\t<div class=\"esg-content eg-post-77513 eg-grant-element-6\">Nous avons de bonnes nouvelles pour 2018!\r\nAu cours du mois de janvier 2018, les...<\/div>\n<\/div>   <\/div>\n\n<\/li>\n<li id=\"eg-42-post-id-78765\" class=\"filterall filter-noticias-fr filter-opcional-fr eg-grant-wrapper eg-post-id-78765\" data-date=\"1546860746\">\n    <div class=\"esg-media-cover-wrapper\">\n<div class=\"esg-entry-media\"><img loading=\"lazy\" decoding=\"async\" src=\"https:\/\/bermiherrajes.com\/wp-content\/plugins\/essential-grid\/public\/assets\/images\/300x200transparent.png\" data-lazythumb=\"https:\/\/bermiherrajes.com\/wp-content\/uploads\/2019\/01\/feria-yecla-25x25.jpg\" data-lazysrc=\"https:\/\/bermiherrajes.com\/wp-content\/uploads\/2019\/01\/feria-yecla.jpg\" alt=\"\" width=\"1249\" height=\"813\"><\/div>\n\n            <div class=\"esg-entry-cover\">\n\n                <div class=\"esg-overlay esg-slide eg-grant-container\" data-delay=\"0\"><\/div>\n\n\t\t\t\t<div class=\"esg-center eg-post-78765 eg-grant-element-2-a esg-flipup\" data-delay=\"0.1\"><a class=\"eg-grant-element-2 eg-post-78765\" href=\"https:\/\/bermiherrajes.com\/fr\/herrajes-bermi-en-feria-del-mueble-de-yecla-2018\/\" target=\"_self\">LEER M\u00c1S<\/a><\/div>\n           <\/div>\n<div class=\"esg-entry-content eg-grant-content\">\n\t\t\t\t<div class=\"esg-content eg-post-78765 eg-grant-element-0\">HERRAJES BERMI IN YECLA FURNITURE FAIR 2018<\/div>\n\t\t\t\t<div class=\"esg-content eg-post-78765 eg-grant-element-3\">01\/07\/2019<\/div>\n              <div class=\"esg-content eg-grant-element-22 esg-none esg-clear\" style=\"height: 5px; visibility: hidden;\"><\/div>\n\t\t\t\t<div class=\"esg-content eg-post-78765 eg-grant-element-6\">Herrajes Bermi a particip\u00e9 une ann\u00e9e de plus \u00e0 la Foire de meubles de...<\/div>\n<\/div>   <\/div>\n\n<\/li>\n<\/ul>\n    <\/div>\n\n<\/article>\n<div class=\"clear\"><\/div>\n<script type=\"text\/javascript\">\nfunction eggbfc(winw,resultoption) {\n\tvar lasttop = winw,\n\tlastbottom = 0,\n\tsmallest =9999,\n\tlargest = 0,\n\tsamount = 0,\n\tlamoung = 0,\n\tlastamount = 0,\n\tresultid = 0,\n\tresultidb = 0,\n\tresponsiveEntries = [\n\t\t\t\t\t\t{ width:1400,amount:3,mmheight:0},\n\t\t\t\t\t\t{ width:1170,amount:3,mmheight:0},\n\t\t\t\t\t\t{ width:1024,amount:3,mmheight:0},\n\t\t\t\t\t\t{ width:960,amount:3,mmheight:0},\n\t\t\t\t\t\t{ width:778,amount:3,mmheight:0},\n\t\t\t\t\t\t{ width:640,amount:1,mmheight:0},\n\t\t\t\t\t\t{ width:480,amount:1,mmheight:0}\n\t\t\t\t\t\t];\n\tif (responsiveEntries!=undefined && responsiveEntries.length>0)\n\t\tjQuery.each(responsiveEntries, function(index,obj) {\n\t\t\tvar curw = obj.width != undefined ? obj.width : 0,\n\t\t\t\tcura = obj.amount != undefined ? obj.amount : 0;\n\t\t\tif (smallest>curw) {\n\t\t\t\tsmallest = curw;\n\t\t\t\tsamount = cura;\n\t\t\t\tresultidb = index;\n\t\t\t}\n\t\t\tif (largest<curw) {\n\t\t\t\tlargest = curw;\n\t\t\t\tlamount = cura;\n\t\t\t}\n\t\t\tif (curw>lastbottom && curw<=lasttop) {\n\t\t\t\tlastbottom = curw;\n\t\t\t\tlastamount = cura;\n\t\t\t\tresultid = index;\n\t\t\t}\n\t\t});\n\t\tif (smallest>winw) {\n\t\t\tlastamount = samount;\n\t\t\tresultid = resultidb;\n\t\t}\n\t\tvar obj = new Object;\n\t\tobj.index = resultid;\n\t\tobj.column = lastamount;\n\t\tif (resultoption==\"id\")\n\t\t\treturn obj;\n\t\telse\n\t\t\treturn lastamount;\n\t}\nif (\"masonry\"==\"even\") {\n\tvar coh=0,\n\t\tcontainer = jQuery(\"#esg-grid-42-1\");\n\tvar\tcwidth = container.width(),\n\t\tar = \"5:3\",\n\t\tgbfc = eggbfc(jQuery(window).width(),\"id\"),\n\trow = 99;\nar = ar.split(\":\");\naratio=parseInt(ar[0],0) \/ parseInt(ar[1],0);\ncoh = cwidth \/ aratio;\ncoh = coh\/gbfc.column*row;\n\tvar ul = container.find(\"ul\").first();\n\tul.css({display:\"block\",height:coh+\"px\"});\n}\nvar essapi_42;\njQuery(document).ready(function() {\n\tessapi_42 = jQuery(\"#esg-grid-42-1\").tpessential({\n        gridID:42,\n        layout:\"masonry\",\n        forceFullWidth:\"off\",\n        lazyLoad:\"on\",\n        lazyLoadColor:\"#FFFFFF\",\n        row:99,\n        loadMoreAjaxToken:\"85bbca28ed\",\n        loadMoreAjaxUrl:\"https:\/\/bermiherrajes.com\/wp-admin\/admin-ajax.php\",\n        loadMoreAjaxAction:\"Essential_Grid_Front_request_ajax\",\n        ajaxContentTarget:\"ess-grid-ajax-container-\",\n        ajaxScrollToOffset:\"0\",\n        ajaxCloseButton:\"off\",\n        ajaxContentSliding:\"on\",\n        ajaxScrollToOnLoad:\"on\",\n        ajaxCallbackArgument:\"off\",\n        ajaxNavButton:\"off\",\n        ajaxCloseType:\"type1\",\n        ajaxCloseInner:\"false\",\n        ajaxCloseStyle:\"light\",\n        ajaxClosePosition:\"tr\",\n        space:20,\n        pageAnimation:\"fade\",\n        paginationScrollToTop:\"off\",\n        spinner:\"spinner0\",\n        lightBoxMode:\"single\",\n        lightboxSpinner:\"off\",\n        lightBoxFeaturedImg:\"off\",\n        lightBoxPostTitle:\"off\",\n        lightBoxPostTitleTag:\"h2\",\n        animSpeed:1000,\n        delayBasic:1,\n        mainhoverdelay:1,\n        filterType:\"single\",\n        showDropFilter:\"hover\",\n        filterGroupClass:\"esg-fgc-42\",\n        googleFonts:['Open+Sans:300,400,600,700,800','Raleway:100,200,300,400,500,600,700,800,900','Droid+Serif:400,700'],\n        aspectratio:\"5:3\",\n        responsiveEntries: [\n\t\t\t\t\t\t{ width:1400,amount:3,mmheight:0},\n\t\t\t\t\t\t{ width:1170,amount:3,mmheight:0},\n\t\t\t\t\t\t{ width:1024,amount:3,mmheight:0},\n\t\t\t\t\t\t{ width:960,amount:3,mmheight:0},\n\t\t\t\t\t\t{ width:778,amount:3,mmheight:0},\n\t\t\t\t\t\t{ width:640,amount:1,mmheight:0},\n\t\t\t\t\t\t{ width:480,amount:1,mmheight:0}\n\t\t\t\t\t\t]\n\t});\n\n});\n<\/script>\n[\/vc_column][\/vc_row]<\/p>\n","protected":false},"excerpt":{"rendered":"<p>[vc_row el_class=\u00a0\u00bbnoticias-grid\u00a0\u00bb][vc_column][vc_custom_heading text=\u00a0\u00bbBienvenue sur le blog de mat\u00e9riel BERMI. Nous vous apportons les nouvelles les plus importantes du secteur du mat\u00e9riel, les derni\u00e8res innovations technologiques, les nouveaut\u00e9s de nos services et produits et toute l\u2019activit\u00e9 de notre entreprise. \u00a0\u00bb el_class=\u00a0\u00bbtexto-noticia\u00a0\u00bb][\/vc_column][\/vc_row][vc_row][vc_column][\/vc_column][\/vc_row]<\/p>\n","protected":false},"author":1,"featured_media":0,"parent":0,"menu_order":0,"comment_status":"closed","ping_status":"closed","template":"","meta":{"footnotes":""},"_links":{"self":[{"href":"https:\/\/bermiherrajes.com\/fr\/wp-json\/wp\/v2\/pages\/76165"}],"collection":[{"href":"https:\/\/bermiherrajes.com\/fr\/wp-json\/wp\/v2\/pages"}],"about":[{"href":"https:\/\/bermiherrajes.com\/fr\/wp-json\/wp\/v2\/types\/page"}],"author":[{"embeddable":true,"href":"https:\/\/bermiherrajes.com\/fr\/wp-json\/wp\/v2\/users\/1"}],"replies":[{"embeddable":true,"href":"https:\/\/bermiherrajes.com\/fr\/wp-json\/wp\/v2\/comments?post=76165"}],"version-history":[{"count":4,"href":"https:\/\/bermiherrajes.com\/fr\/wp-json\/wp\/v2\/pages\/76165\/revisions"}],"predecessor-version":[{"id":78747,"href":"https:\/\/bermiherrajes.com\/fr\/wp-json\/wp\/v2\/pages\/76165\/revisions\/78747"}],"wp:attachment":[{"href":"https:\/\/bermiherrajes.com\/fr\/wp-json\/wp\/v2\/media?parent=76165"}],"curies":[{"name":"wp","href":"https:\/\/api.w.org\/{rel}","templated":true}]}}