{"id":76170,"date":"2018-04-25T11:45:42","date_gmt":"2018-04-25T11:45:42","guid":{"rendered":"https:\/\/bermiherrajes.com\/politica-de-cookies\/"},"modified":"2019-02-26T18:22:08","modified_gmt":"2019-02-26T17:22:08","slug":"politica-de-cookies","status":"publish","type":"page","link":"https:\/\/bermiherrajes.com\/fr\/politica-de-cookies\/","title":{"rendered":"Politique de cookies"},"content":{"rendered":"<p>[vc_row css=\u00a0\u00bb.vc_custom_1526898067565{padding-top: 25px !important;padding-bottom: 25px !important;}\u00a0\u00bb][vc_column][vc_column_text]Comme la plupart des sites Web, ce site utilise des cookies pour am\u00e9liorer et optimiser l&rsquo;exp\u00e9rience de l&rsquo;utilisateur. Vous trouverez ci-dessous des informations d\u00e9taill\u00e9es sur les \u00ab\u00a0cookies\u00a0\u00bb, sur la typologie utilis\u00e9e par ce site Web, sur la mani\u00e8re de les d\u00e9sactiver dans votre navigateur et sur le blocage sp\u00e9cifique de l&rsquo;installation de cookies tiers.<\/p>\n<p><strong>Que sont les cookies et comment les sites Web de www.bermiherrajes.com les utilisent-ils?<\/strong><\/p>\n<p>Les cookies sont des fichiers que le site Web ou l&rsquo;application que vous utilisez installent dans votre navigateur ou sur votre appareil (smartphone, tablette ou t\u00e9l\u00e9viseur connect\u00e9) lors de votre visite des pages ou de l&rsquo;application, et servent \u00e0 stocker des informations sur votre visite. Comme la plupart des sites Internet, les portails Web de www.bermiherrajes.com utilisent des cookies pour:<\/p>\n<p>Assurez-vous que les pages Web peuvent fonctionner correctement<\/p>\n<ul>\n<li>Enregistrez vos pr\u00e9f\u00e9rences, telles que la langue que vous avez s\u00e9lectionn\u00e9e ou la taille de la police.<\/li>\n<li>Connaissez votre exp\u00e9rience de navigation.<\/li>\n<li>Recueillez des informations statistiques anonymes, telles que les pages que vous avez vues ou la dur\u00e9e de votre visite.<br \/>\ndans nos m\u00e9dias.<\/li>\n<\/ul>\n<p>L&rsquo;utilisation de cookies nous permet d&rsquo;optimiser votre navigation, en adaptant les informations et les services propos\u00e9s \u00e0 vos centres d&rsquo;int\u00e9r\u00eat, afin de vous fournir une meilleure exp\u00e9rience de vos visites. Les sites du groupe HERRAJES BERMI, S.L. Les cookies sont utilis\u00e9s pour exploiter, adapter et faciliter la navigation de l&rsquo;utilisateur au maximum.<br \/>\nLes cookies sont uniquement associ\u00e9s \u00e0 un utilisateur anonyme et \u00e0 son ordinateur \/ appareil et ne fournissent pas de r\u00e9f\u00e9rences permettant de conna\u00eetre des donn\u00e9es personnelles. Vous pouvez \u00e0 tout moment acc\u00e9der \u00e0 la configuration de votre navigateur pour modifier et \/ ou bloquer l&rsquo;installation des cookies envoy\u00e9s par les sites Internet de HERRAJES BERMI, S.L., sans emp\u00eacher l&rsquo;acc\u00e8s au contenu. Cependant, la qualit\u00e9 de fonctionnement des Services peut \u00eatre affect\u00e9e.<\/p>\n<p>Les utilisateurs qui terminent le processus d&rsquo;inscription ou se sont connect\u00e9s avec leurs donn\u00e9es d&rsquo;acc\u00e8s peuvent acc\u00e9der \u00e0 des services personnalis\u00e9s selon leurs pr\u00e9f\u00e9rences en fonction des informations personnelles fournies au moment de l&rsquo;inscription et stock\u00e9s dans le cookie de votre navigateur.<\/p>\n<p>Les outils de marketing par courrier \u00e9lectronique du groupe HERRAJES BERMI, S.L. Ils utilisent de petites images invisibles pour les utilisateurs inclus dans les courriels. Cette technologie nous permet de savoir si un courrier \u00e9lectronique a \u00e9t\u00e9 lu ou non, \u00e0 quelle date, l&rsquo;adresse IP \u00e0 partir de laquelle il a \u00e9t\u00e9 consult\u00e9, etc. Avec ces informations, nous r\u00e9alisons des \u00e9tudes statistiques et analytiques sur l\u2019envoi et la r\u00e9ception de courriers \u00e9lectroniques afin d\u2019am\u00e9liorer l\u2019offre de services auxquels l\u2019utilisateur est abonn\u00e9 et d\u2019offrir des informations pouvant pr\u00e9senter un int\u00e9r\u00eat.<\/p>\n<p><strong>Pourquoi sont-ils importants?<\/strong><\/p>\n<ul>\n<li>D&rsquo;un point de vue technique, ils permettent aux sites Web de fonctionner de mani\u00e8re plus agile et adapt\u00e9e aux pr\u00e9f\u00e9rences des utilisateurs, tels que le stockage de la langue, la monnaie du pays ou la d\u00e9tection du dispositif d&rsquo;acc\u00e8s.<\/li>\n<li>Ils \u00e9tablissent des niveaux de protection et de s\u00e9curit\u00e9 qui emp\u00eachent ou entravent les cyberattaques contre le site Web ou ses utilisateurs.<\/li>\n<li>Ils permettent aux responsables des m\u00e9dias de conna\u00eetre les donn\u00e9es statistiques collect\u00e9es dans les cookies pour am\u00e9liorer la qualit\u00e9 et l&rsquo;exp\u00e9rience de leurs services.<\/li>\n<li>Ils servent \u00e0 optimiser la publicit\u00e9 que nous montrons aux utilisateurs, en offrant celle qui convient le mieux \u00e0 leurs int\u00e9r\u00eats.<\/li>\n<\/ul>\n<p><strong>Quels sont les diff\u00e9rents types de cookies que nous pouvons utiliser sur www.bermiherrajes.com?<\/strong><\/p>\n<ul>\n<li>Les sessions expirent lorsque l&rsquo;utilisateur quitte la page ou ferme le navigateur, c&rsquo;est-\u00e0-dire qu&rsquo;elles sont actives pendant la dur\u00e9e de la visite sur le site Web et qu&rsquo;elles sont donc supprim\u00e9es de notre ordinateur d\u00e8s qu&rsquo;elles le quittent.<\/li>\n<li>Les permanentes expirent lorsque leur mission est remplie ou supprim\u00e9es manuellement, ont une date de suppression et sont normalement utilis\u00e9es dans le processus d&rsquo;achat en ligne, les personnalisations ou dans le registre, de sorte que nous n&rsquo;avons pas \u00e0 saisir constamment notre mot de passe.<\/li>\n<\/ul>\n<p style=\"padding-left: 30px;\">D&rsquo;autre part, en fonction de l&rsquo;entit\u00e9 qui g\u00e8re l&rsquo;ordinateur ou le domaine \u00e0 partir duquel les cookies sont envoy\u00e9s et traitent les donn\u00e9es obtenues, nous pouvons distinguer les cookies de nos propres tiers.<\/p>\n<ul>\n<li>Les propres cookies sont les cookies qui sont envoy\u00e9s \u00e0 votre ordinateur et g\u00e9r\u00e9s exclusivement par nous pour le meilleur fonctionnement du site Web. Les informations que nous recueillons sont utilis\u00e9es pour am\u00e9liorer la qualit\u00e9 de notre service et votre exp\u00e9rience en tant qu&rsquo;utilisateur.<\/li>\n<li>Si vous interagissez avec le contenu de notre site Web, des cookies tiers peuvent \u00e9galement \u00eatre cr\u00e9\u00e9s (par exemple, en cliquant sur les boutons de r\u00e9seaux sociaux ou en visionnant des vid\u00e9os h\u00e9berg\u00e9es sur un autre site Web), qui sont ceux \u00e9tablis par un domaine diff\u00e9rent de notre site Web. Nous ne pouvons pas acc\u00e9der aux donn\u00e9es stock\u00e9es dans les cookies d&rsquo;autres sites Web lorsque vous naviguez sur les sites susmentionn\u00e9s.<\/li>\n<\/ul>\n<p style=\"padding-left: 30px;\">Naviguer sur ce portail Web signifie que les types de cookies suivants peuvent \u00eatre install\u00e9s:<\/p>\n<ol>\n<li>PERFORMANCE: Ces cookies sont utilis\u00e9s pour am\u00e9liorer votre exp\u00e9rience de navigation et optimiser le fonctionnement de nos sites Web. Ils stockent les configurations de service afin que vous n&rsquo;ayez pas \u00e0 les reconfigurer chaque fois que vous nous rendez visite.<br \/>\nExemples d&rsquo;utilisation: r\u00e9glages du volume des lecteurs audio ou vid\u00e9o, vitesses de transmission vid\u00e9o optimales, enregistre l&rsquo;achat effectu\u00e9 dans un \u00ab\u00a0panier\u00a0\u00bb dans les services de commerce \u00e9lectronique.<\/li>\n<li>DE GEOLOCALISATION: Ces cookies sont utilis\u00e9s pour stocker des donn\u00e9es de g\u00e9olocalisation de l&rsquo;ordinateur ou des p\u00e9riph\u00e9riques afin de vous offrir un contenu et des services plus ad\u00e9quats.<br \/>\nExemples d&rsquo;utilisation: contenus adapt\u00e9s au pays, \u00e0 la ville, \u00e0 la langue, etc.<\/li>\n<li>ENREGISTREMENT: Les cookies d&rsquo;enregistrement sont cr\u00e9\u00e9s lors de votre inscription ou lorsque vous vous connectez \u00e0 l&rsquo;un de nos portails Web.<br \/>\nExemples d&rsquo;utilisation: vous pouvez rester authentifi\u00e9 m\u00eame si vous fermez le navigateur. Ainsi, \u00e0 votre retour, votre identit\u00e9 continuera \u00e0 \u00eatre identifi\u00e9e, \u00e0 moins que vous ne vous d\u00e9connectiez ou que vous ne vous d\u00e9connectiez, pour acc\u00e9der \u00e0 certaines zones de nos portails Web, par exemple pour participer \u00e0 un concours.<\/li>\n<li>ANALYTIQUES: Ces cookies collectent des informations de votre exp\u00e9rience de navigation sur nos portails Web de mani\u00e8re totalement anonyme.<br \/>\nExemples d\u2019utilisation: Nous pouvons compter le nombre de visiteurs sur la page ou le contenu le plus consult\u00e9, savoir si l\u2019utilisateur qui y acc\u00e8de est une nouvelle visite ou des visites r\u00e9p\u00e9t\u00e9es. Ces informations peuvent nous aider \u00e0 am\u00e9liorer la navigation et \u00e0 vous fournir un meilleur service.<\/li>\n<li>PUBLICIT\u00c9: Ces cookies collectent des informations sur les publicit\u00e9s pr\u00e9sent\u00e9es \u00e0 chaque utilisateur anonyme des portails Web.<br \/>\nExemples d&rsquo;utilisation: Adaptez les publicit\u00e9s au type d&rsquo;appareil \u00e0 partir duquel l&rsquo;utilisateur se connecte. Fournissez des annonces g\u00e9r\u00e9es par des tiers et affich\u00e9es sur la page en temps r\u00e9el.<\/li>\n<\/ol>\n<p>Quelques services de HERRAJES BERMI, S.L.U. Ils peuvent utiliser des connecteurs avec divers r\u00e9seaux sociaux:<br \/>\nFacebook, Twitter, Google+, Linkedin, etc. En utilisant le registre social, vous autorisez le r\u00e9seau social \u00e0 stocker un cookie persistant. Ce cookie enregistre votre identification dans le service, ce qui rend l\u2019acc\u00e8s beaucoup plus rapide lors des visites suivantes. Ce cookie peut \u00eatre supprim\u00e9 et vous pouvez \u00e9galement annuler les permissions d&rsquo;acc\u00e8s des services de HERRAJES BERMI, S.L. \u00e0 partir des param\u00e8tres de confidentialit\u00e9 du r\u00e9seau social sp\u00e9cifique.<\/p>\n<p><strong>Comment puis-je configurer mes cookies?<\/strong><\/p>\n<p>En naviguant sur notre site Web et en continuant sur celui-ci, vous consentez \u00e0 l&rsquo;utilisation de cookies dans les conditions \u00e9nonc\u00e9es dans la pr\u00e9sente politique de cookies. www.bermiherrajes.com donne acc\u00e8s \u00e0 la pr\u00e9sente politique de cookies au moment de son inscription afin d&rsquo;informer l&rsquo;utilisateur et ce, m\u00eame s&rsquo;il peut exercer son droit de bloquer, d&rsquo;\u00e9liminer et de refuser l&rsquo;utilisation de cookies \u00e0 tout moment.<\/p>\n<p>Dans tous les cas, nous vous informons que, les cookies n&rsquo;\u00e9tant pas n\u00e9cessaires \u00e0 l&rsquo;utilisation de notre site Web, vous pouvez les bloquer ou les d\u00e9sactiver en activant la configuration de votre navigateur, ce qui vous permet de refuser l&rsquo;installation de tous les cookies, ou de certains d&rsquo;entre eux. La majorit\u00e9 des navigateurs permettent d&rsquo;avertir de la pr\u00e9sence de cookies ou de les rejeter automatiquement. Si vous les refusez, vous pouvez continuer \u00e0 utiliser notre site Web, bien que l&rsquo;utilisation de certains de vos services puisse \u00eatre limit\u00e9e et, par cons\u00e9quent, votre exp\u00e9rience sur notre site Web soit moins satisfaisante.<\/p>\n<p>Ensuite, nous vous indiquons les liens des principaux navigateurs et appareils afin que vous ayez toutes les informations \u00e0 consulter pour savoir comment g\u00e9rer les cookies dans votre navigateur.<\/p>\n<p><strong>Internet ExplorerTM :<\/strong><\/p>\n<p><strong>Version 5<\/strong><br \/>\n<a href=\"http:\/\/support.microsoft.com\/kb\/196955\/es\">http:\/\/support.microsoft.com\/kb\/196955\/es<\/a><\/p>\n<p><strong>Version 6<\/strong><br \/>\n<a href=\"http:\/\/support.microsoft.com\/kb\/283185\/es\">http:\/\/support.microsoft.com\/kb\/283185\/es<\/a><\/p>\n<p><strong>Version 7 y 8<\/strong><br \/>\n<a href=\"http:\/\/windows.microsoft.com\/es-ES\/windows-vista\/Block-or-allow-cookies\">http:\/\/windows.microsoft.com\/es-ES\/windows-vista\/Block-or-allow-cookies<\/a><\/p>\n<p><strong>Version 9<\/strong><br \/>\n<a href=\"http:\/\/windows.microsoft.com\/es-ES\/windows7\/How-to-manage-cookies-in-Internet-Explorer-9\">http:\/\/windows.microsoft.com\/es-ES\/windows7\/How-to-manage-cookies-in-Internet-Explorer-9<\/a><\/p>\n<p><strong>SafariTM:<\/strong><br \/>\n<a href=\"http:\/\/support.apple.com\/kb\/PH5042?viewlocale=es_ES\">http:\/\/support.apple.com\/kb\/PH5042?viewlocale=es_ES<\/a><br \/>\n<a href=\"http:\/\/support.apple.com\/kb\/HT1677?viewlocale=es_ES\">http:\/\/support.apple.com\/kb\/HT1677?viewlocale=es_ES<\/a><\/p>\n<p><strong>GoogleTM:<\/strong><br \/>\n<a href=\"https:\/\/support.google.com\/chrome\/answer\/95647?hl=es&amp;hlrm=en\">https:\/\/support.google.com\/chrome\/answer\/95647?hl=es&amp;hlrm=en<\/a><\/p>\n<p><strong>FirefoxTM:<\/strong><br \/>\n<a href=\"http:\/\/support.mozilla.org\/es\/kb\/cookies-informacion-que-los-sitios-web-guardan-en-?redirectlocale=en-US&amp;redirectslug=Cookies\">http:\/\/support.mozilla.org\/es\/kb\/cookies-informacion-que-los-sitios-web-guardan-en-?redirectlocale=en-US&amp;redirectslug=Cookies<\/a><\/p>\n<p><strong>OperaTM :<\/strong><br \/>\n<a href=\"http:\/\/help.opera.com\/Windows\/11.50\/es-ES\/cookies.html\">http:\/\/help.opera.com\/Windows\/11.50\/es-ES\/cookies.html<\/a><\/p>\n<p><strong>Android:<\/strong><br \/>\n<a href=\"http:\/\/support.google.com\/android\/?hl=es\">http:\/\/support.google.com\/android\/?hl=es<\/a><\/p>\n<p><strong>Windows Phone:<\/strong><br \/>\n<a href=\"http:\/\/www.windowsphone.com\/es-ES\/how-to\/wp7\/web\/changing-privacy-and-other-browser-settings\">http:\/\/www.windowsphone.com\/es-ES\/how-to\/wp7\/web\/changing-privacy-and-other-browser-settings<\/a><\/p>\n<p><strong>Blackberry:<\/strong><br \/>\n<a href=\"http:\/\/docs.blackberry.com\/en\/smartphone_users\/deliverables\/18578\/Turn_off_cookies_in_the_browser_60_1072866_11.jsp\">http:\/\/docs.blackberry.com\/en\/smartphone_users\/deliverables\/18578\/Turn_off_cookies_in_the_browser_60_1072866_11.jsp<\/a><\/p>\n<p>Si vous souhaitez plus d&rsquo;informations sur la configuration de cookies d\u00e9taill\u00e9s par fournisseur ou sur la gestion de vos pr\u00e9f\u00e9rences, visitez le portail Vos choix en ligne.<\/p>\n<p><strong>Est-ce que nous mettons \u00e0 jour notre politique de cookies?<\/strong><\/p>\n<p>Nous pouvons mettre \u00e0 jour la politique en mati\u00e8re de cookies de notre site Web. Nous vous recommandons donc de consulter cette politique \u00e0 chaque fois que vous acc\u00e9dez \u00e0 notre site Web afin de savoir de mani\u00e8re ad\u00e9quate comment et pourquoi nous utilisons des cookies. La politique de cookies a \u00e9t\u00e9 mise \u00e0 jour pour la derni\u00e8re fois \u00e0 ce jour [9 mai 2018].[\/vc_column_text][\/vc_column][\/vc_row]<\/p>\n","protected":false},"excerpt":{"rendered":"<p>[vc_row css=\u00a0\u00bb.vc_custom_1526898067565{padding-top: 25px !important;padding-bottom: 25px !important;}\u00a0\u00bb][vc_column][vc_column_text]Comme la plupart des sites Web, ce site utilise des cookies pour am\u00e9liorer et optimiser l&rsquo;exp\u00e9rience de l&rsquo;utilisateur. Vous trouverez ci-dessous des informations d\u00e9taill\u00e9es sur les \u00ab\u00a0cookies\u00a0\u00bb, sur la typologie utilis\u00e9e par ce site Web, sur la mani\u00e8re de les d\u00e9sactiver dans votre navigateur et sur le blocage sp\u00e9cifique de [&hellip;]<\/p>\n","protected":false},"author":1,"featured_media":0,"parent":0,"menu_order":0,"comment_status":"closed","ping_status":"closed","template":"","meta":{"footnotes":""},"_links":{"self":[{"href":"https:\/\/bermiherrajes.com\/fr\/wp-json\/wp\/v2\/pages\/76170"}],"collection":[{"href":"https:\/\/bermiherrajes.com\/fr\/wp-json\/wp\/v2\/pages"}],"about":[{"href":"https:\/\/bermiherrajes.com\/fr\/wp-json\/wp\/v2\/types\/page"}],"author":[{"embeddable":true,"href":"https:\/\/bermiherrajes.com\/fr\/wp-json\/wp\/v2\/users\/1"}],"replies":[{"embeddable":true,"href":"https:\/\/bermiherrajes.com\/fr\/wp-json\/wp\/v2\/comments?post=76170"}],"version-history":[{"count":3,"href":"https:\/\/bermiherrajes.com\/fr\/wp-json\/wp\/v2\/pages\/76170\/revisions"}],"predecessor-version":[{"id":76173,"href":"https:\/\/bermiherrajes.com\/fr\/wp-json\/wp\/v2\/pages\/76170\/revisions\/76173"}],"wp:attachment":[{"href":"https:\/\/bermiherrajes.com\/fr\/wp-json\/wp\/v2\/media?parent=76170"}],"curies":[{"name":"wp","href":"https:\/\/api.w.org\/{rel}","templated":true}]}}