{"id":76174,"date":"2018-04-25T11:45:21","date_gmt":"2018-04-25T11:45:21","guid":{"rendered":"https:\/\/bermiherrajes.com\/politica-de-privacidad\/"},"modified":"2019-02-26T18:23:00","modified_gmt":"2019-02-26T17:23:00","slug":"politica-de-privacidad","status":"publish","type":"page","link":"https:\/\/bermiherrajes.com\/fr\/politica-de-privacidad\/","title":{"rendered":"Politique de confidentialit\u00e9"},"content":{"rendered":"<p>[vc_row css=\u00a0\u00bb.vc_custom_1526898038193{padding-top: 25px !important;padding-bottom: 25px !important;}\u00a0\u00bb][vc_column][vc_column_text]<strong>PROPRI\u00c9TAIRE WEB<\/strong><\/p>\n<p>Conform\u00e9ment \u00e0 l&rsquo;article 10 de la loi 34\/2002 du 11 juillet, Services de la soci\u00e9t\u00e9 de l&rsquo;information et du commerce \u00e9lectronique HERRAJES BERMI, SL En tant que propri\u00e9taire du site Web www.bermiherrajes.com, communique les donn\u00e9es d&rsquo;identification requises par dit la loi.<\/p>\n<p><strong>Nom social: HERRAJES BERMI, S.L.U.<\/strong><\/p>\n<p><strong>CIF: B53040341<\/strong><\/p>\n<p><strong>Donn\u00e9es d&rsquo;enregistrement: Registre du commerce de la ville d&rsquo;Alicante jusqu&rsquo;au volume 1831 en g\u00e9n\u00e9ral, folio 192 num\u00e9ro de feuille A33895 &#8211; Enregistrement 9 Propri\u00e9taire de la marque HERRAJES BERMI, S.L.U.<\/strong><\/p>\n<p><strong>Adresse de courrier \u00e9lectronique: info@bermiherrajes.com<\/strong><\/p>\n<p><strong>Si\u00e8ge social: AVD. PORTUGAL, S \/ N Section 435 &#8211; CASTALLA (C.P.03420) &#8211; ALICANTE<\/strong><\/p>\n<p><strong>Ces informations r\u00e9gissent les conditions d&rsquo;utilisation, les limitations de responsabilit\u00e9 et les obligations des utilisateurs du site publi\u00e9es sous le nom du domaine www.bermiherrajes.com, qu&rsquo;ils assument et s&rsquo;engagent \u00e0 respecter.<\/strong><\/p>\n<p>&nbsp;<\/p>\n<p><strong>COOKIES<\/strong><\/p>\n<p><strong>Ce site utilise la technologie \u00ab\u00a0cookies\u00a0\u00bb<\/strong><br \/>\nDescription: Les cookies sont un outil utilis\u00e9 par les serveurs Web pour stocker et r\u00e9cup\u00e9rer des informations sur leurs visiteurs. Il s&rsquo;agit simplement d&rsquo;un fichier texte que certains serveurs demandent \u00e0 notre navigateur d&rsquo;\u00e9crire sur notre disque dur, avec des informations sur ce que nous avons visit\u00e9 via ces pages. Ils ont une date d&rsquo;expiration, qui peut aller de la dur\u00e9e de la session \u00e0 une date ult\u00e9rieure sp\u00e9cifi\u00e9e, \u00e0 partir de laquelle ils cessent d&rsquo;\u00eatre op\u00e9rationnels.<br \/>\nwww.bermiherrajes.com utilise des cookies pour faciliter la navigation sur ce portail et pour obtenir une efficacit\u00e9 et une personnalisation accrues des services propos\u00e9s aux utilisateurs. Les cookies utilis\u00e9s sur www.bermiherrajes.com sont uniquement associ\u00e9s \u00e0 un utilisateur anonyme et \u00e0 son ordinateur. Ils ne fournissent pas de r\u00e9f\u00e9rences permettant de d\u00e9duire le nom et les noms de famille de l&rsquo;utilisateur et ne peuvent pas lire les donn\u00e9es de leur disque dur ni inclure de virus dans leurs ordinateurs. En outre, www.bermiherrajes.com ne peut pas lire les cookies implant\u00e9s sur le disque dur de l&rsquo;utilisateur \u00e0 partir d&rsquo;autres serveurs.<br \/>\nL&rsquo;utilisateur peut choisir librement d&rsquo;impl\u00e9menter ou non sur son disque dur les cookies utilis\u00e9s sur www.bermiherrajes.com. En ce sens, l&rsquo;utilisateur peut configurer son navigateur pour accepter ou refuser tous les cookies par d\u00e9faut ou pour recevoir un avertissement sur l&rsquo;\u00e9cran de la r\u00e9ception de chaque cookie et d\u00e9cider \u00e0 ce moment-l\u00e0 de l&rsquo;installer ou non sur son disque dur. Pour cela, nous vous sugg\u00e9rons de consulter la section d&rsquo;aide de votre navigateur pour savoir comment changer la configuration que vous utilisez actuellement. M\u00eame si l&rsquo;utilisateur configure son navigateur pour rejeter tous les cookies ou rejette express\u00e9ment les cookies de www.bermiherrajes.com, il peut naviguer sur le portail avec le seul inconv\u00e9nient de ne pas pouvoir profiter des fonctionnalit\u00e9s du portail qui n\u00e9cessitent l&rsquo;installation de l&rsquo;un d&rsquo;entre eux. Dans tous les cas, l&rsquo;utilisateur peut supprimer \u00e0 tout moment les cookies de www.bermiherrajes.com implant\u00e9 sur son disque dur, en suivant la proc\u00e9dure \u00e9tablie dans la section d&rsquo;aide de son navigateur.<\/p>\n<p>&nbsp;<\/p>\n<p><strong>CONDITION D&rsquo;UTILISATION<\/strong><\/p>\n<p>L&rsquo;utilisation de la page autorise l&rsquo;utilisation de l&rsquo;utilisateur et implique l&rsquo;acceptation des conditions de la notice l\u00e9gale, de la politique de confidentialit\u00e9 et des conditions d&rsquo;utilisation. Si l&rsquo;utilisateur n&rsquo;est pas satisfait, il s&rsquo;abstiendra d&rsquo;utiliser la page. L&rsquo;utilisateur est oblig\u00e9 et accepte d&rsquo;utiliser la page et son contenu conform\u00e9ment \u00e0 la l\u00e9gislation en vigueur, \u00e0 la notice l\u00e9gale et \u00e0 toute autre notice contenue sur cette page, conform\u00e9ment aux r\u00e8gles de coexistence, \u00e0 la moralit\u00e9 et aux bonnes pratiques g\u00e9n\u00e9ralement accept\u00e9es. L&rsquo;utilisateur accepte et s&rsquo;engage \u00e0 ne pas transmettre, diffuser ou mettre \u00e0 la disposition de tiers tout contenu de la page, tel que des informations, textes, donn\u00e9es, contenus, messages, graphiques, dessins, fichiers audio et \/ ou images, photographies, enregistrements, logiciels, logos, marques, ic\u00f4nes, technologie, photographies, logiciels, liens, graphismes et codes sources, ou tout autre mat\u00e9riel auquel vous avez acc\u00e8s en tant qu&rsquo;utilisateur de la page, sans que cette \u00e9num\u00e9ration soit de nature limitative.<\/p>\n<p><strong>PROPRI\u00c9T\u00c9 INTELLECTUELLE<\/strong><\/p>\n<p>Toutes les marques, appellations commerciales ou signes distinctifs de quelque nature que ce soit qui apparaissent sur le site sont la propri\u00e9t\u00e9 de HERRAJES BERMI, S.L. ou, le cas \u00e9ch\u00e9ant, des tiers qui en ont autoris\u00e9 l&rsquo;utilisation, sans qu&rsquo;il soit entendu que l&rsquo;utilisation ou l&rsquo;acc\u00e8s au portail et \/ ou au contenu conf\u00e8re \u00e0 l&rsquo;utilisateur des droits sur lesdites marques, noms commerciaux et \/ ou signes distinctifs, et sans cela peut \u00eatre compris comme transf\u00e9r\u00e9 \u00e0 l&rsquo;utilisateur, aucun des droits d&rsquo;exploitation qui existent ou peuvent exister sur ledit contenu. Et ne pas comprendre transf\u00e9rer ou autoriser son utilisation, en aucun cas, les utilisateurs du Site, sauf si vous obtenez ces droits par \u00e9crit du propri\u00e9taire l\u00e9gitime de celui-ci.[\/vc_column_text][\/vc_column][\/vc_row]<\/p>\n","protected":false},"excerpt":{"rendered":"<p>[vc_row css=\u00a0\u00bb.vc_custom_1526898038193{padding-top: 25px !important;padding-bottom: 25px !important;}\u00a0\u00bb][vc_column][vc_column_text]PROPRI\u00c9TAIRE WEB Conform\u00e9ment \u00e0 l&rsquo;article 10 de la loi 34\/2002 du 11 juillet, Services de la soci\u00e9t\u00e9 de l&rsquo;information et du commerce \u00e9lectronique HERRAJES BERMI, SL En tant que propri\u00e9taire du site Web www.bermiherrajes.com, communique les donn\u00e9es d&rsquo;identification requises par dit la loi. Nom social: HERRAJES BERMI, S.L.U. CIF: B53040341 [&hellip;]<\/p>\n","protected":false},"author":1,"featured_media":0,"parent":0,"menu_order":0,"comment_status":"closed","ping_status":"closed","template":"","meta":{"footnotes":""},"_links":{"self":[{"href":"https:\/\/bermiherrajes.com\/fr\/wp-json\/wp\/v2\/pages\/76174"}],"collection":[{"href":"https:\/\/bermiherrajes.com\/fr\/wp-json\/wp\/v2\/pages"}],"about":[{"href":"https:\/\/bermiherrajes.com\/fr\/wp-json\/wp\/v2\/types\/page"}],"author":[{"embeddable":true,"href":"https:\/\/bermiherrajes.com\/fr\/wp-json\/wp\/v2\/users\/1"}],"replies":[{"embeddable":true,"href":"https:\/\/bermiherrajes.com\/fr\/wp-json\/wp\/v2\/comments?post=76174"}],"version-history":[{"count":2,"href":"https:\/\/bermiherrajes.com\/fr\/wp-json\/wp\/v2\/pages\/76174\/revisions"}],"predecessor-version":[{"id":76176,"href":"https:\/\/bermiherrajes.com\/fr\/wp-json\/wp\/v2\/pages\/76174\/revisions\/76176"}],"wp:attachment":[{"href":"https:\/\/bermiherrajes.com\/fr\/wp-json\/wp\/v2\/media?parent=76174"}],"curies":[{"name":"wp","href":"https:\/\/api.w.org\/{rel}","templated":true}]}}