{"id":76183,"date":"2018-05-09T09:40:07","date_gmt":"2018-05-09T09:40:07","guid":{"rendered":"https:\/\/bermiherrajes.com\/servicios\/corte-por-plasma\/"},"modified":"2019-03-20T11:06:54","modified_gmt":"2019-03-20T10:06:54","slug":"corte-por-plasma","status":"publish","type":"page","link":"https:\/\/bermiherrajes.com\/fr\/servicios\/corte-por-plasma\/","title":{"rendered":"D\u00e9coupe au plasma"},"content":{"rendered":"<p>[vc_row][vc_column][rev_slider_vc alias=\u00a0\u00bbcorte_plasma_encabezado\u00a0\u00bb][\/vc_column][\/vc_row][vc_row][vc_column width=\u00a0\u00bb2\/3&Prime;][vc_custom_heading text=\u00a0\u00bb DECOUPE AU PLASMA\u00a0\u00bb font_container=\u00a0\u00bbtag:h1|text_align:left\u00a0\u00bb el_class=\u00a0\u00bbheading-title-2 titulos-servicios\u00a0\u00bb css=\u00a0\u00bb.vc_custom_1525089619926{padding-top: 30px !important;}\u00a0\u00bb][vc_column_text el_class=\u00a0\u00bbservicios-texto\u00a0\u00bb]Le proc\u00e8sssus de decoupe au plasma nous permet de r\u00e9aliser toute coupe dans le tube et la plaque avec une qualit\u00e9 et une vitesse optimales. Nous avons des cellules robotis\u00e9es dans lesquelles nous int\u00e9grons le d\u00e9coupage au plasma afin que la qualit\u00e9 et la productivit\u00e9 soient au plus haut niveau.[\/vc_column_text][\/vc_column][vc_column width=\u00a0\u00bb1\/3&Prime;][vc_custom_heading text=\u00a0\u00bbPROCESSUS\u00a0\u00bb font_container=\u00a0\u00bbtag:div|text_align:left\u00a0\u00bb el_class=\u00a0\u00bbheading-title-2 titulos-servicios\u00a0\u00bb css=\u00a0\u00bb.vc_custom_1553076411226{padding-top: 30px !important;}\u00a0\u00bb][vc_column_text el_class=\u00a0\u00bbservicios-texto\u00a0\u00bb]Le proc\u00e9d\u00e9 de coupage au plasma consiste \u00e0 cr\u00e9er un arc \u00e9lectrique \u00e9trangl\u00e9 dans la section de la buse de la torche qui est tr\u00e8s \u00e9troite. Ce jet p\u00e9n\u00e8tre gr\u00e2ce \u00e0 l&rsquo;action thermique qu&rsquo;il produit et parvient \u00e0 p\u00e9n\u00e9trer dans la totalit\u00e9 de l&rsquo;\u00e9paisseur en pouvant couper le mat\u00e9riau.[\/vc_column_text][\/vc_column][\/vc_row][vc_row background_color=\u00a0\u00bb#e5970d\u00a0\u00bb css=\u00a0\u00bb.vc_custom_1527498840155{margin-top: 50px !important;margin-right: 0px !important;margin-bottom: 30px !important;margin-left: 0px !important;padding-top: 10px !important;padding-right: 10px !important;padding-bottom: 10px !important;padding-left: 10px !important;}\u00a0\u00bb el_class=\u00a0\u00bbpresupuesto\u00a0\u00bb][vc_column][vc_row_inner][vc_column_inner el_class=\u00a0\u00bbtexto\u00a0\u00bb width=\u00a0\u00bb2\/3&Prime;][vc_column_text el_class=\u00a0\u00bbboton-servicios\u00a0\u00bb]Si vous avez besoin d&rsquo;une pi\u00e8ce personnalis\u00e9e, demandez votre budget sans engagement[\/vc_column_text][\/vc_column_inner][vc_column_inner el_class=\u00a0\u00bbboton\u00a0\u00bb width=\u00a0\u00bb1\/3&Prime;][vc_btn title=\u00a0\u00bbJE SUIS INT\u00c9RESS\u00c9\u00a0\u00bb shape=\u00a0\u00bbsquare\u00a0\u00bb color=\u00a0\u00bbwhite\u00a0\u00bb align=\u00a0\u00bbright\u00a0\u00bb el_class=\u00a0\u00bbboton-servicios\u00a0\u00bb link=\u00a0\u00bburl:https%3A%2F%2Fbermiherrajes.com%2Ffr%2Fcontacto%2F|\u00a0\u00bb][\/vc_column_inner][\/vc_row_inner][\/vc_column][\/vc_row]<\/p>\n","protected":false},"excerpt":{"rendered":"<p>[vc_row][vc_column][rev_slider_vc alias=\u00a0\u00bbcorte_plasma_encabezado\u00a0\u00bb][\/vc_column][\/vc_row][vc_row][vc_column width=\u00a0\u00bb2\/3&Prime;][vc_custom_heading text=\u00a0\u00bb DECOUPE AU PLASMA\u00a0\u00bb font_container=\u00a0\u00bbtag:h1|text_align:left\u00a0\u00bb el_class=\u00a0\u00bbheading-title-2 titulos-servicios\u00a0\u00bb css=\u00a0\u00bb.vc_custom_1525089619926{padding-top: 30px !important;}\u00a0\u00bb][vc_column_text el_class=\u00a0\u00bbservicios-texto\u00a0\u00bb]Le proc\u00e8sssus de decoupe au plasma nous permet de r\u00e9aliser toute coupe dans le tube et la plaque avec une qualit\u00e9 et une vitesse optimales. Nous avons des cellules robotis\u00e9es dans lesquelles nous int\u00e9grons le d\u00e9coupage au plasma afin que la qualit\u00e9 [&hellip;]<\/p>\n","protected":false},"author":1,"featured_media":76184,"parent":76181,"menu_order":0,"comment_status":"closed","ping_status":"closed","template":"","meta":{"footnotes":""},"_links":{"self":[{"href":"https:\/\/bermiherrajes.com\/fr\/wp-json\/wp\/v2\/pages\/76183"}],"collection":[{"href":"https:\/\/bermiherrajes.com\/fr\/wp-json\/wp\/v2\/pages"}],"about":[{"href":"https:\/\/bermiherrajes.com\/fr\/wp-json\/wp\/v2\/types\/page"}],"author":[{"embeddable":true,"href":"https:\/\/bermiherrajes.com\/fr\/wp-json\/wp\/v2\/users\/1"}],"replies":[{"embeddable":true,"href":"https:\/\/bermiherrajes.com\/fr\/wp-json\/wp\/v2\/comments?post=76183"}],"version-history":[{"count":6,"href":"https:\/\/bermiherrajes.com\/fr\/wp-json\/wp\/v2\/pages\/76183\/revisions"}],"predecessor-version":[{"id":77982,"href":"https:\/\/bermiherrajes.com\/fr\/wp-json\/wp\/v2\/pages\/76183\/revisions\/77982"}],"up":[{"embeddable":true,"href":"https:\/\/bermiherrajes.com\/fr\/wp-json\/wp\/v2\/pages\/76181"}],"wp:featuredmedia":[{"embeddable":true,"href":"https:\/\/bermiherrajes.com\/fr\/wp-json\/wp\/v2\/media\/76184"}],"wp:attachment":[{"href":"https:\/\/bermiherrajes.com\/fr\/wp-json\/wp\/v2\/media?parent=76183"}],"curies":[{"name":"wp","href":"https:\/\/api.w.org\/{rel}","templated":true}]}}