{"id":76196,"date":"2018-04-27T11:42:15","date_gmt":"2018-04-27T11:42:15","guid":{"rendered":"https:\/\/bermiherrajes.com\/servicios\/curvado-de-tubo\/"},"modified":"2019-03-20T11:05:54","modified_gmt":"2019-03-20T10:05:54","slug":"curvado-de-tubo","status":"publish","type":"page","link":"https:\/\/bermiherrajes.com\/fr\/servicios\/curvado-de-tubo\/","title":{"rendered":"Cintrage des tubes"},"content":{"rendered":"<p>[vc_row][vc_column][rev_slider_vc alias=\u00a0\u00bbcurvado_encabezado\u00a0\u00bb][\/vc_column][\/vc_row][vc_row][vc_column width=\u00a0\u00bb2\/3&Prime;][vc_custom_heading text=\u00a0\u00bbCINTRAGE DES TUBES\u00a0\u00bb font_container=\u00a0\u00bbtag:h1|text_align:left\u00a0\u00bb el_class=\u00a0\u00bbheading-title-2 titulos-servicios\u00a0\u00bb css=\u00a0\u00bb.vc_custom_1525251245723{padding-top: 30px !important;}\u00a0\u00bb][vc_column_text]Nous disposons des machines \u00e0 cintrer de derni\u00e8re g\u00e9n\u00e9ration \u00e0 commande num\u00e9rique, ce qui nous permet de r\u00e9aliser n&rsquo;importe quelle courbe avec une qualit\u00e9 optimale et une vitesse tr\u00e8s \u00e9lev\u00e9e. Nous courbons n&rsquo;importe quel tube de mat\u00e9riau m\u00e9tallique (fer, aluminium, acier inoxydable &#8230;) et de toute forme (carr\u00e9, rond, rectangulaire, ovale &#8230;)[\/vc_column_text][\/vc_column][vc_column width=\u00a0\u00bb1\/3&Prime;][vc_custom_heading text=\u00a0\u00bbPROCESO\u00a0\u00bb font_container=\u00a0\u00bbtag:div|text_align:left\u00a0\u00bb el_class=\u00a0\u00bbheading-title-2 titulos-servicios\u00a0\u00bb css=\u00a0\u00bb.vc_custom_1553076351310{padding-top: 30px !important;}\u00a0\u00bb][vc_column_text el_class=\u00a0\u00bbservicios-texto\u00a0\u00bb]Le courbage des tubes consiste \u00e0 former les tubes \u00e0 travers une s\u00e9rie de matrices avec lesquelles le rayon requis est appliqu\u00e9 et avec l\u2019avance souhait\u00e9e nous pouvons appliquer les degr\u00e9s de flexion dont nous avons besoin dans chaque cas.[\/vc_column_text][\/vc_column][\/vc_row][vc_row background_color=\u00a0\u00bb#e5970d\u00a0\u00bb css=\u00a0\u00bb.vc_custom_1527499006478{margin-top: 50px !important;margin-right: 0px !important;margin-bottom: 30px !important;margin-left: 0px !important;padding-top: 10px !important;padding-right: 10px !important;padding-bottom: 10px !important;padding-left: 10px !important;}\u00a0\u00bb el_class=\u00a0\u00bbpresupuesto\u00a0\u00bb][vc_column][vc_row_inner][vc_column_inner el_class=\u00a0\u00bbtexto\u00a0\u00bb width=\u00a0\u00bb2\/3&Prime;][vc_column_text el_class=\u00a0\u00bbboton-servicios\u00a0\u00bb]Si vous avez besoin d&rsquo;une pi\u00e8ce personnalis\u00e9e, demandez votre budget sans engagement[\/vc_column_text][\/vc_column_inner][vc_column_inner el_class=\u00a0\u00bbboton\u00a0\u00bb width=\u00a0\u00bb1\/3&Prime;][vc_btn title=\u00a0\u00bbJE SUIS INT\u00c9RESS\u00c9\u00a0\u00bb shape=\u00a0\u00bbsquare\u00a0\u00bb color=\u00a0\u00bbwhite\u00a0\u00bb align=\u00a0\u00bbright\u00a0\u00bb el_class=\u00a0\u00bbboton-servicios\u00a0\u00bb link=\u00a0\u00bburl:https%3A%2F%2Fbermiherrajes.com%2Fcontacto%2F|||\u00a0\u00bb][\/vc_column_inner][\/vc_row_inner][\/vc_column][\/vc_row]<\/p>\n","protected":false},"excerpt":{"rendered":"<p>[vc_row][vc_column][rev_slider_vc alias=\u00a0\u00bbcurvado_encabezado\u00a0\u00bb][\/vc_column][\/vc_row][vc_row][vc_column width=\u00a0\u00bb2\/3&Prime;][vc_custom_heading text=\u00a0\u00bbCINTRAGE DES TUBES\u00a0\u00bb font_container=\u00a0\u00bbtag:h1|text_align:left\u00a0\u00bb el_class=\u00a0\u00bbheading-title-2 titulos-servicios\u00a0\u00bb css=\u00a0\u00bb.vc_custom_1525251245723{padding-top: 30px !important;}\u00a0\u00bb][vc_column_text]Nous disposons des machines \u00e0 cintrer de derni\u00e8re g\u00e9n\u00e9ration \u00e0 commande num\u00e9rique, ce qui nous permet de r\u00e9aliser n&rsquo;importe quelle courbe avec une qualit\u00e9 optimale et une vitesse tr\u00e8s \u00e9lev\u00e9e. Nous courbons n&rsquo;importe quel tube de mat\u00e9riau m\u00e9tallique (fer, aluminium, acier inoxydable &#8230;) et [&hellip;]<\/p>\n","protected":false},"author":1,"featured_media":76197,"parent":76181,"menu_order":0,"comment_status":"closed","ping_status":"closed","template":"","meta":{"footnotes":""},"_links":{"self":[{"href":"https:\/\/bermiherrajes.com\/fr\/wp-json\/wp\/v2\/pages\/76196"}],"collection":[{"href":"https:\/\/bermiherrajes.com\/fr\/wp-json\/wp\/v2\/pages"}],"about":[{"href":"https:\/\/bermiherrajes.com\/fr\/wp-json\/wp\/v2\/types\/page"}],"author":[{"embeddable":true,"href":"https:\/\/bermiherrajes.com\/fr\/wp-json\/wp\/v2\/users\/1"}],"replies":[{"embeddable":true,"href":"https:\/\/bermiherrajes.com\/fr\/wp-json\/wp\/v2\/comments?post=76196"}],"version-history":[{"count":5,"href":"https:\/\/bermiherrajes.com\/fr\/wp-json\/wp\/v2\/pages\/76196\/revisions"}],"predecessor-version":[{"id":77981,"href":"https:\/\/bermiherrajes.com\/fr\/wp-json\/wp\/v2\/pages\/76196\/revisions\/77981"}],"up":[{"embeddable":true,"href":"https:\/\/bermiherrajes.com\/fr\/wp-json\/wp\/v2\/pages\/76181"}],"wp:featuredmedia":[{"embeddable":true,"href":"https:\/\/bermiherrajes.com\/fr\/wp-json\/wp\/v2\/media\/76197"}],"wp:attachment":[{"href":"https:\/\/bermiherrajes.com\/fr\/wp-json\/wp\/v2\/media?parent=76196"}],"curies":[{"name":"wp","href":"https:\/\/api.w.org\/{rel}","templated":true}]}}