{"id":76202,"date":"2018-04-27T11:43:26","date_gmt":"2018-04-27T11:43:26","guid":{"rendered":"https:\/\/bermiherrajes.com\/servicios\/mecanizado-control-numerico\/"},"modified":"2019-03-20T11:30:29","modified_gmt":"2019-03-20T10:30:29","slug":"mecanizado-control-numerico","status":"publish","type":"page","link":"https:\/\/bermiherrajes.com\/fr\/servicios\/mecanizado-control-numerico\/","title":{"rendered":"Usinage par Controle Numerique"},"content":{"rendered":"<p>[vc_row][vc_column][rev_slider_vc alias=\u00a0\u00bbmecanizado_encabezado\u00a0\u00bb][\/vc_column][\/vc_row][vc_row][vc_column width=\u00a0\u00bb2\/3&Prime;][vc_custom_heading text=\u00a0\u00bbUSINAGE PAR CONTROLE NUMERIQUE\u00a0\u00bb font_container=\u00a0\u00bbtag:h1|text_align:left\u00a0\u00bb el_class=\u00a0\u00bbheading-title-2 titulos-servicios\u00a0\u00bb css=\u00a0\u00bb.vc_custom_1527500453038{padding-top: 30px !important;}\u00a0\u00bb][vc_column_text el_class=\u00a0\u00bbservicios-texto\u00a0\u00bb]Notre machinerie CNC a un banc utile de 6 m\u00e8tres nous permet de r\u00e9aliser tout type de production, en ce qui concerne la m\u00e9canisation de la production. Per\u00e7age, rainurage, fraisage, filetage, etc. Ce sont quelques-uns des processus que cela nous permet de r\u00e9aliser. Nous pouvons travailler n&rsquo;importe quel type de mat\u00e9riel.[\/vc_column_text][\/vc_column][vc_column width=\u00a0\u00bb1\/3&Prime;][vc_custom_heading text=\u00a0\u00bbPROCESSUS\u00a0\u00bb font_container=\u00a0\u00bbtag:div|text_align:left\u00a0\u00bb el_class=\u00a0\u00bbheading-title-2 titulos-servicios\u00a0\u00bb css=\u00a0\u00bb.vc_custom_1553077827256{padding-top: 30px !important;}\u00a0\u00bb][vc_column_text el_class=\u00a0\u00bbservicios-texto\u00a0\u00bb]Le processus d&rsquo;usinage \u00e0 commande num\u00e9rique consiste \u00e0 automatiser une s\u00e9rie d&rsquo;outils au moyen de commandes programm\u00e9es qui nous permettent d&rsquo;effectuer la s\u00e9quence d&rsquo;usinage dont nous avons besoin.[\/vc_column_text][\/vc_column][\/vc_row][vc_row background_color=\u00a0\u00bb#e5970d\u00a0\u00bb el_class=\u00a0\u00bbpresupuesto\u00a0\u00bb css=\u00a0\u00bb.vc_custom_1527499089791{margin-top: 50px !important;margin-right: 0px !important;margin-bottom: 30px !important;margin-left: 0px !important;padding-top: 10px !important;padding-right: 10px !important;padding-bottom: 10px !important;padding-left: 10px !important;}\u00a0\u00bb][vc_column][vc_row_inner][vc_column_inner el_class=\u00a0\u00bbtexto\u00a0\u00bb width=\u00a0\u00bb2\/3&Prime;][vc_column_text el_class=\u00a0\u00bbboton-servicios\u00a0\u00bb]Si vous avez besoin d&rsquo;une pi\u00e8ce personnalis\u00e9e, demandez votre budget sans engagement[\/vc_column_text][\/vc_column_inner][vc_column_inner el_class=\u00a0\u00bbboton\u00a0\u00bb width=\u00a0\u00bb1\/3&Prime;][vc_btn title=\u00a0\u00bbJE SUIS INT\u00c9RESS\u00c9\u00a0\u00bb shape=\u00a0\u00bbsquare\u00a0\u00bb color=\u00a0\u00bbwhite\u00a0\u00bb align=\u00a0\u00bbright\u00a0\u00bb el_class=\u00a0\u00bbboton-servicios\u00a0\u00bb link=\u00a0\u00bburl:https%3A%2F%2Fbermiherrajes.com%2Fcontacto%2F|||\u00a0\u00bb][\/vc_column_inner][\/vc_row_inner][\/vc_column][\/vc_row]<\/p>\n","protected":false},"excerpt":{"rendered":"<p>[vc_row][vc_column][rev_slider_vc alias=\u00a0\u00bbmecanizado_encabezado\u00a0\u00bb][\/vc_column][\/vc_row][vc_row][vc_column width=\u00a0\u00bb2\/3&Prime;][vc_custom_heading text=\u00a0\u00bbUSINAGE PAR CONTROLE NUMERIQUE\u00a0\u00bb font_container=\u00a0\u00bbtag:h1|text_align:left\u00a0\u00bb el_class=\u00a0\u00bbheading-title-2 titulos-servicios\u00a0\u00bb css=\u00a0\u00bb.vc_custom_1527500453038{padding-top: 30px !important;}\u00a0\u00bb][vc_column_text el_class=\u00a0\u00bbservicios-texto\u00a0\u00bb]Notre machinerie CNC a un banc utile de 6 m\u00e8tres nous permet de r\u00e9aliser tout type de production, en ce qui concerne la m\u00e9canisation de la production. Per\u00e7age, rainurage, fraisage, filetage, etc. Ce sont quelques-uns des processus que cela nous permet de [&hellip;]<\/p>\n","protected":false},"author":1,"featured_media":76203,"parent":76181,"menu_order":0,"comment_status":"closed","ping_status":"closed","template":"","meta":{"footnotes":""},"_links":{"self":[{"href":"https:\/\/bermiherrajes.com\/fr\/wp-json\/wp\/v2\/pages\/76202"}],"collection":[{"href":"https:\/\/bermiherrajes.com\/fr\/wp-json\/wp\/v2\/pages"}],"about":[{"href":"https:\/\/bermiherrajes.com\/fr\/wp-json\/wp\/v2\/types\/page"}],"author":[{"embeddable":true,"href":"https:\/\/bermiherrajes.com\/fr\/wp-json\/wp\/v2\/users\/1"}],"replies":[{"embeddable":true,"href":"https:\/\/bermiherrajes.com\/fr\/wp-json\/wp\/v2\/comments?post=76202"}],"version-history":[{"count":6,"href":"https:\/\/bermiherrajes.com\/fr\/wp-json\/wp\/v2\/pages\/76202\/revisions"}],"predecessor-version":[{"id":78006,"href":"https:\/\/bermiherrajes.com\/fr\/wp-json\/wp\/v2\/pages\/76202\/revisions\/78006"}],"up":[{"embeddable":true,"href":"https:\/\/bermiherrajes.com\/fr\/wp-json\/wp\/v2\/pages\/76181"}],"wp:featuredmedia":[{"embeddable":true,"href":"https:\/\/bermiherrajes.com\/fr\/wp-json\/wp\/v2\/media\/76203"}],"wp:attachment":[{"href":"https:\/\/bermiherrajes.com\/fr\/wp-json\/wp\/v2\/media?parent=76202"}],"curies":[{"name":"wp","href":"https:\/\/api.w.org\/{rel}","templated":true}]}}