{"id":76208,"date":"2018-05-09T09:34:24","date_gmt":"2018-05-09T09:34:24","guid":{"rendered":"https:\/\/bermiherrajes.com\/servicios\/plegado-control-numerico\/"},"modified":"2019-03-20T11:11:07","modified_gmt":"2019-03-20T10:11:07","slug":"plegado-control-numerico","status":"publish","type":"page","link":"https:\/\/bermiherrajes.com\/fr\/servicios\/plegado-control-numerico\/","title":{"rendered":"Pliage CNC"},"content":{"rendered":"<p>[vc_row][vc_column][rev_slider_vc alias=\u00a0\u00bbplegado_encabezado\u00a0\u00bb][\/vc_column][\/vc_row][vc_row][vc_column width=\u00a0\u00bb2\/3&Prime;][vc_custom_heading text=\u00a0\u00bbPLIAGE CNC\u00a0\u00bb font_container=\u00a0\u00bbtag:h1|text_align:left\u00a0\u00bb el_class=\u00a0\u00bbheading-title-2 titulos-servicios\u00a0\u00bb css=\u00a0\u00bb.vc_custom_1525089619926{padding-top: 30px !important;}\u00a0\u00bb][vc_column_text el_class=\u00a0\u00bbservicios-texto\u00a0\u00bb]Nos plieuses \u00e0 commande num\u00e9rique ont une pr\u00e9cision optimale et une capacit\u00e9 suffisante pour pouvoir effectuer tout type de pliage dans des conditions de qualit\u00e9 maximale pour toute pi\u00e8ce requise. De plus, la commande num\u00e9rique permet une productivit\u00e9 maximale pour \u00eatre aussi agile que possible en production.[\/vc_column_text][\/vc_column][vc_column width=\u00a0\u00bb1\/3&Prime;][vc_custom_heading text=\u00a0\u00bbPROCESSUS\u00a0\u00bb font_container=\u00a0\u00bbtag:div|text_align:left\u00a0\u00bb el_class=\u00a0\u00bbheading-title-2 titulos-servicios\u00a0\u00bb css=\u00a0\u00bb.vc_custom_1553076664481{padding-top: 30px !important;}\u00a0\u00bb][vc_column_text el_class=\u00a0\u00bbservicios-texto\u00a0\u00bb]Le pliage est un processus de formation avec d\u00e9formation plastique du mat\u00e9riau pour donner la forme \u00e0 la feuille. Il utilise une sorte de presse form\u00e9e par une matrice et un poin\u00e7on qui presse la t\u00f4le contre la matrice pour lui donner la forme requise.[\/vc_column_text][\/vc_column][\/vc_row][vc_row background_color=\u00a0\u00bb#e5970d\u00a0\u00bb css=\u00a0\u00bb.vc_custom_1527499145527{margin-top: 50px !important;margin-right: 0px !important;margin-bottom: 30px !important;margin-left: 0px !important;padding-top: 10px !important;padding-right: 10px !important;padding-bottom: 10px !important;padding-left: 10px !important;}\u00a0\u00bb el_class=\u00a0\u00bbpresupuesto\u00a0\u00bb][vc_column][vc_row_inner][vc_column_inner el_class=\u00a0\u00bbtexto\u00a0\u00bb width=\u00a0\u00bb2\/3&Prime;][vc_column_text el_class=\u00a0\u00bbboton-servicios\u00a0\u00bb]Si vous avez besoin d&rsquo;une pi\u00e8ce personnalis\u00e9e, demandez votre budget sans engagement[\/vc_column_text][\/vc_column_inner][vc_column_inner el_class=\u00a0\u00bbboton\u00a0\u00bb width=\u00a0\u00bb1\/3&Prime;][vc_btn title=\u00a0\u00bbJE SUIS INT\u00c9RESS\u00c9\u00a0\u00bb shape=\u00a0\u00bbsquare\u00a0\u00bb color=\u00a0\u00bbwhite\u00a0\u00bb align=\u00a0\u00bbright\u00a0\u00bb el_class=\u00a0\u00bbboton-servicios\u00a0\u00bb link=\u00a0\u00bburl:https%3A%2F%2Fbermiherrajes.com%2Fcontacto%2F|||\u00a0\u00bb][\/vc_column_inner][\/vc_row_inner][\/vc_column][\/vc_row]<\/p>\n","protected":false},"excerpt":{"rendered":"<p>[vc_row][vc_column][rev_slider_vc alias=\u00a0\u00bbplegado_encabezado\u00a0\u00bb][\/vc_column][\/vc_row][vc_row][vc_column width=\u00a0\u00bb2\/3&Prime;][vc_custom_heading text=\u00a0\u00bbPLIAGE CNC\u00a0\u00bb font_container=\u00a0\u00bbtag:h1|text_align:left\u00a0\u00bb el_class=\u00a0\u00bbheading-title-2 titulos-servicios\u00a0\u00bb css=\u00a0\u00bb.vc_custom_1525089619926{padding-top: 30px !important;}\u00a0\u00bb][vc_column_text el_class=\u00a0\u00bbservicios-texto\u00a0\u00bb]Nos plieuses \u00e0 commande num\u00e9rique ont une pr\u00e9cision optimale et une capacit\u00e9 suffisante pour pouvoir effectuer tout type de pliage dans des conditions de qualit\u00e9 maximale pour toute pi\u00e8ce requise. De plus, la commande num\u00e9rique permet une productivit\u00e9 maximale pour \u00eatre aussi agile que [&hellip;]<\/p>\n","protected":false},"author":1,"featured_media":76209,"parent":76181,"menu_order":0,"comment_status":"closed","ping_status":"closed","template":"","meta":{"footnotes":""},"_links":{"self":[{"href":"https:\/\/bermiherrajes.com\/fr\/wp-json\/wp\/v2\/pages\/76208"}],"collection":[{"href":"https:\/\/bermiherrajes.com\/fr\/wp-json\/wp\/v2\/pages"}],"about":[{"href":"https:\/\/bermiherrajes.com\/fr\/wp-json\/wp\/v2\/types\/page"}],"author":[{"embeddable":true,"href":"https:\/\/bermiherrajes.com\/fr\/wp-json\/wp\/v2\/users\/1"}],"replies":[{"embeddable":true,"href":"https:\/\/bermiherrajes.com\/fr\/wp-json\/wp\/v2\/comments?post=76208"}],"version-history":[{"count":5,"href":"https:\/\/bermiherrajes.com\/fr\/wp-json\/wp\/v2\/pages\/76208\/revisions"}],"predecessor-version":[{"id":77989,"href":"https:\/\/bermiherrajes.com\/fr\/wp-json\/wp\/v2\/pages\/76208\/revisions\/77989"}],"up":[{"embeddable":true,"href":"https:\/\/bermiherrajes.com\/fr\/wp-json\/wp\/v2\/pages\/76181"}],"wp:featuredmedia":[{"embeddable":true,"href":"https:\/\/bermiherrajes.com\/fr\/wp-json\/wp\/v2\/media\/76209"}],"wp:attachment":[{"href":"https:\/\/bermiherrajes.com\/fr\/wp-json\/wp\/v2\/media?parent=76208"}],"curies":[{"name":"wp","href":"https:\/\/api.w.org\/{rel}","templated":true}]}}